{"id":9801,"date":"2025-06-26T22:47:55","date_gmt":"2025-06-26T20:47:55","guid":{"rendered":"https:\/\/mizoutcg.fr\/?post_type=product&#038;p=9801"},"modified":"2026-03-07T11:47:46","modified_gmt":"2026-03-07T10:47:46","slug":"pokemon-display-boite-de-boosters-rivalites-destinees-ev10","status":"publish","type":"product","link":"https:\/\/mizoutcg.fr\/it\/produit\/pokemon-display-boite-de-boosters-rivalites-destinees-ev10\/","title":{"rendered":"Display Rivalit\u00e0 Predestinate EV10 - Pokemon"},"content":{"rendered":"<h2>\ud83c\udf1f Scopri l'espansione Rivalit\u00e0 Destinate EV10<\/h2>\n<p>Immergiti nell'oscuro universo di <strong>Pok\u00e9mon Scarlatto e Violetto - Rivalit\u00e0 Destinate<\/strong> (Destined Rivalries)! Questa espansione segna il <strong>grande ritorno del Team Rocket<\/strong> nel Gioco di Carte Collezionabili Pok\u00e9mon con un piano diabolico da sventare.<\/p>\n\n<h3>\ud83d\udce6 Contenuto di questo Display<\/h3>\n<p>Questo display sigillato contiene <strong>36 Booster<\/strong> dell'espansione EV10 Rivalit\u00e0 Destinate, ognuno dei quali contiene <strong>10 carte in italiano<\/strong> per un totale di <strong>360 carte da scoprire<\/strong>. Ogni pacchetto pu\u00f2 rivelare carte rare, Pok\u00e9mon-ex leggendari o illustrazioni speciali!<\/p>\n\n<h3>\ud83c\udfad La storia che ti attende<\/h3>\n<p>L'<em>infame Team Rocket<\/em> mette in atto il suo nuovo piano e gli <strong>Allenatori eroici<\/strong> si precipitano per fermarli! Unisciti a <strong>Camilla e Garchomp-ex<\/strong>, <strong>Giasmine e Ho-Oh-ex<\/strong>, oppure <strong>Pepper e Mabosstiff-ex<\/strong> in questa battaglia epica. Oppure... cambia schieramento e allea ti con i Pok\u00e9mon del Team Rocket come il temibile <strong>Mewtwo-ex sotto il controllo di Giovanni<\/strong>!<\/p>\n\n<h2>\ud83c\udccf Pi\u00f9 di 240 carte straordinarie<\/h2>\n<p>Questa espansione rivoluzionaria propone un contenuto eccezionale con:<\/p>\n<ul>\n<li><strong>Pi\u00f9 di 17 Pok\u00e9mon-ex<\/strong> di cui 10 Pok\u00e9mon-ex Allenatore<\/li>\n<li><strong>Pi\u00f9 di 85 carte Allenatore<\/strong> (45 dedicate al Team Rocket)<\/li>\n<li><strong>83 carte legate al Team Rocket<\/strong> per un'esperienza immersiva<\/li>\n<li><strong>23 carte con illustrazione rara<\/strong> dalle grafiche mozzafiato<\/li>\n<li><strong>11 Pok\u00e9mon con illustrazione rara speciale<\/strong><\/li>\n<li><strong>6 carte dorate testurizzate Iper Rare<\/strong><\/li>\n<li><strong>Pi\u00f9 di 45 carte con illustrazioni speciali<\/strong><\/li>\n<\/ul>\n\n<h3>\u26a1 Innovazione: I Pok\u00e9mon-ex Allenatore corrotti<\/h3>\n<p>Questa espansione celebra <strong>Giovanni<\/str...","protected":false},"excerpt":{"rendered":"Display da 36 booster Pok\u00e9mon EV10 Rivalit\u00e0 Predestinate con Team Rocket! Oltre 240 carte francesi inclusi Pok\u00e9mon-ex corrotti e illustrazioni rare.","protected":false},"featured_media":9889,"menu_order":0,"template":"","meta":{"_monsterinsights_skip_tracking":false,"_monsterinsights_sitenote_active":false,"_monsterinsights_sitenote_note":"","_monsterinsights_sitenote_category":0},"product_brand":[120],"product_cat":[74,104],"product_tag":[],"product_extension":[271],"class_list":{"0":"post-9801","1":"product","2":"type-product","3":"status-publish","4":"has-post-thumbnail","6":"product_brand-pokemon","7":"product_cat-pokemon","8":"product_cat-boite-de-boosters-pokemon","9":"product_extension-rivalites-destinees","11":"first","12":"outofstock","13":"shipping-taxable","14":"purchasable","15":"product-type-simple"},"_links":{"self":[{"href":"https:\/\/mizoutcg.fr\/it\/wp-json\/wp\/v2\/product\/9801","targetHints":{"allow":["GET"]}}],"collection":[{"href":"https:\/\/mizoutcg.fr\/it\/wp-json\/wp\/v2\/product"}],"about":[{"href":"https:\/\/mizoutcg.fr\/it\/wp-json\/wp\/v2\/types\/product"}],"wp:featuredmedia":[{"embeddable":true,"href":"https:\/\/mizoutcg.fr\/it\/wp-json\/wp\/v2\/media\/9889"}],"wp:attachment":[{"href":"https:\/\/mizoutcg.fr\/it\/wp-json\/wp\/v2\/media?parent=9801"}],"wp:term":[{"taxonomy":"product_brand","embeddable":true,"href":"https:\/\/mizoutcg.fr\/it\/wp-json\/wp\/v2\/product_brand?post=9801"},{"taxonomy":"product_cat","embeddable":true,"href":"https:\/\/mizoutcg.fr\/it\/wp-json\/wp\/v2\/product_cat?post=9801"},{"taxonomy":"product_tag","embeddable":true,"href":"https:\/\/mizoutcg.fr\/it\/wp-json\/wp\/v2\/product_tag?post=9801"},{"taxonomy":"product_extension","embeddable":true,"href":"https:\/\/mizoutcg.fr\/it\/wp-json\/wp\/v2\/product_extension?post=9801"}],"curies":[{"name":"wp","href":"https:\/\/api.w.org\/{rel}","templated":true}]}}