{"id":7471,"date":"2025-03-09T18:28:15","date_gmt":"2025-03-09T17:28:15","guid":{"rendered":"https:\/\/mizoutcg.fr\/produit\/booster-collector-magic-the-gathering-innistrad-remastered\/"},"modified":"2026-03-07T10:00:55","modified_gmt":"2026-03-07T09:00:55","slug":"booster-collector-magic-the-gathering-innistrad-remastered","status":"publish","type":"product","link":"https:\/\/mizoutcg.fr\/it\/produit\/booster-collector-magic-the-gathering-innistrad-remastered\/","title":{"rendered":"Booster Collector Innistrad Remastered &#8211; Magic The Gathering"},"content":{"rendered":"<h3 class=\"\" data-start=\"114\" data-end=\"226\"><strong data-start=\"118\" data-end=\"226\">Booster Collector Magic: The Gathering \u2013 Innistrad Remastered : Plongez dans les t\u00e9n\u00e8bres du multivers !<\/strong><\/h3>\n<p class=\"\" data-start=\"228\" data-end=\"660\">\ud83d\udda4 <strong data-start=\"231\" data-end=\"403\">Innistrad Remastered vous invite \u00e0 red\u00e9couvrir l\u2019un des univers les plus embl\u00e9matiques et les plus sombres de Magic: The Gathering dans cette \u00e9dition collector premium.<\/strong> Parfaitement remasteris\u00e9, ce booster vous plonge dans l\u2019horreur gothique et surnaturelle d\u2019Innistrad, un monde peupl\u00e9 de vampires, loups-garous, zombies et cr\u00e9atures cauchemardesques. Pr\u00e9parez-vous \u00e0 affronter l\u2019obscurit\u00e9 et \u00e0 vivre une exp\u00e9rience unique !<\/p>\n<hr class=\"\" data-start=\"662\" data-end=\"665\" \/>\n<h3 class=\"\" data-start=\"667\" data-end=\"711\"><strong data-start=\"671\" data-end=\"711\">\ud83d\udda4 Un contenu collector exceptionnel<\/strong><\/h3>\n<p class=\"\" data-start=\"713\" data-end=\"1144\">Chaque booster collector Innistrad Remastered contient <strong data-start=\"768\" data-end=\"796\">15 cartes premium (foil)<\/strong>, soigneusement s\u00e9lectionn\u00e9es parmi les cartes les plus embl\u00e9matiques des trois blocs originaux d\u2019Innistrad : <strong data-start=\"906\" data-end=\"919\">Innistrad<\/strong>, <strong data-start=\"921\" data-end=\"947\">T\u00e9n\u00e8bres sur Innistrad<\/strong> et <strong data-start=\"951\" data-end=\"973\">La Lune Herm\u00e9tique<\/strong>. Une v\u00e9ritable compilation des meilleures cartes du plan maudit, dans des versions sp\u00e9cialement remasteris\u00e9es et mises en valeur avec des traitements artistiques in\u00e9dits.<\/p>\n<h4 class=\"\" data-start=\"1146\" data-end=\"1208\"><strong data-start=\"1151\" data-end=\"1208\">Ce que vous trouverez dans chaque booster collector :<\/strong><\/h4>\n<p class=\"\" data-start=\"1210\" data-end=\"1904\">\u2728 <strong data-start=\"1212\" data-end=\"1240\">15 cartes premium (foil)<\/strong> \u2013 Chaque carte brille de mille feux pour une exp\u00e9rience visuelle incomparable.<br data-start=\"1319\" data-end=\"1322\" \/>\ud83c\udfa8 <strong data-start=\"1325\" data-end=\"1366\">Illustrations alternatives exclusives<\/strong> \u2013 Des visuels uniques qui rendent hommage \u00e0 l\u2019atmosph\u00e8re gothique et sinistre du plan d\u2019Innistrad.<br data-start=\"1465\" data-end=\"1468\" \/>\ud83c\udf1f <strong data-start=\"1471\" data-end=\"1499\">Cartes \u00e0 bordure \u00e9tendue<\/strong> \u2013 Profitez de toute la grandeur de ces cartes avec des bordures \u00e9tendues et un design \u00e9poustouflant.<br data-start=\"1600\" data-end=\"1603\" \/>\u26a1 <strong data-start=\"1605\" data-end=\"1648\">Des cartes rares et mythiques garanties<\/strong> \u2013 Un pack riche en cartes puissantes et l\u00e9gendaires comme <strong data-start=\"1707\" data-end=\"1727\">Liliana du Voile<\/strong>, <strong data-start=\"1729\" data-end=\"1748\">Snapcaster Mage<\/strong> et <strong data-start=\"1752\" data-end=\"1772\">Caverne des \u00c2mes<\/strong>.<br data-start=\"1773\" data-end=\"1776\" \/>\ud83d\udda4 <strong data-start=\"1779\" data-end=\"1813\">R\u00e9\u00e9ditions de cartes iconiques<\/strong> \u2013 Les meilleures cartes du pass\u00e9, r\u00e9imprim\u00e9es et modernis\u00e9es pour cette \u00e9dition collector.<\/p>\n<hr class=\"\" data-start=\"1906\" data-end=\"1909\" \/>\n<h3 class=\"\" data-start=\"1911\" data-end=\"1955\"><strong data-start=\"1915\" data-end=\"1955\">\ud83d\udc80 Des m\u00e9caniques de jeu fascinantes<\/strong><\/h3>\n<p class=\"\" data-start=\"1957\" data-end=\"2113\">Innistrad Remastered r\u00e9unit les m\u00e9caniques embl\u00e9matiques qui ont fait le succ\u00e8s de ce plan cauchemardesque, cr\u00e9ant ainsi une exp\u00e9rience de jeu inoubliable :<\/p>\n<p class=\"\" data-start=\"2115\" data-end=\"2509\">\ud83e\udd87 <strong data-start=\"2118\" data-end=\"2136\">Transformation<\/strong> \u2013 Faites \u00e9voluer vos cr\u00e9atures \u00e0 travers la nuit pour d\u00e9cupler leur puissance.<br data-start=\"2215\" data-end=\"2218\" \/>\ud83d\udc80 <strong data-start=\"2221\" data-end=\"2231\">D\u00e9lire<\/strong> \u2013 Profitez des effets puissants lorsque vous avez un cimeti\u00e8re bien garni.<br data-start=\"2306\" data-end=\"2309\" \/>\ud83d\udd75\ufe0f\u200d\u2642\ufe0f <strong data-start=\"2316\" data-end=\"2333\">Investigation<\/strong> \u2013 Scopri des secrets et d\u00e9ployez des strat\u00e9gies \u00e0 chaque tour.<br data-start=\"2399\" data-end=\"2402\" \/>\u2620\ufe0f <strong data-start=\"2405\" data-end=\"2415\">Maudit<\/strong> \u2013 Attirez la mal\u00e9diction sur vos ennemis et renforcez vos forces avec des effets redoutables.<\/p>\n<p class=\"\" data-start=\"2511\" data-end=\"2652\">Ces m\u00e9caniques viennent renforcer l\u2019ambiance sombre et oppressante du plan, o\u00f9 l\u2019humanit\u00e9 lutte sans rel\u00e2che contre les forces surnaturelles.<\/p>\n<hr class=\"\" data-start=\"2654\" data-end=\"2657\" \/>\n<h3 class=\"\" data-start=\"2659\" data-end=\"2730\"><strong data-start=\"2663\" data-end=\"2730\">\ud83d\udd25 Pourquoi choisir le booster collector Innistrad Remastered ?<\/strong><\/h3>\n<ul data-start=\"2732\" data-end=\"3287\">\n<li class=\"\" data-start=\"2732\" data-end=\"2923\">\n<p class=\"\" data-start=\"2734\" data-end=\"2923\"><strong data-start=\"2734\" data-end=\"2762\">Pour les collectionneurs<\/strong> : Obtenez des versions premium des cartes les plus iconiques d\u2019Innistrad avec des traitements artistiques exclusifs, parfaites pour enrichir votre collection.<\/p>\n<\/li>\n<li class=\"\" data-start=\"2924\" data-end=\"3106\">\n<p class=\"\" data-start=\"2926\" data-end=\"3106\"><strong data-start=\"2926\" data-end=\"2946\">Pour les joueurs<\/strong> : Renforcez vos decks avec des cartes puissantes issues d\u2019un des univers les plus appr\u00e9ci\u00e9s de Magic, tout en explorant de nouvelles synergies et strat\u00e9gies.<\/p>\n<\/li>\n<li class=\"\" data-start=\"3107\" data-end=\"3287\">\n<p class=\"\" data-start=\"3109\" data-end=\"3287\"><strong data-start=\"3109\" data-end=\"3136\">Pour les amateurs d\u2019art<\/strong> : Laissez-vous s\u00e9duire par les <strong data-start=\"3168\" data-end=\"3195\">illustrations gothiques<\/strong> et macabres qui ont fait la renomm\u00e9e d\u2019Innistrad, v\u00e9ritables chefs-d\u2019\u0153uvre \u00e0 collectionner.<\/p>\n<\/li>\n<\/ul>\n<hr class=\"\" data-start=\"3289\" data-end=\"3292\" \/>\n<h3 class=\"\" data-start=\"3294\" data-end=\"3345\"><strong data-start=\"3298\" data-end=\"3345\">\ud83d\udd78\ufe0f L\u2019horreur gothique au c\u0153ur du multivers<\/strong><\/h3>\n<p class=\"\" data-start=\"3347\" data-end=\"3694\">Innistrad est un monde d\u2019horreur gothique o\u00f9 des cr\u00e9atures terrifiantes et des forces obscures se battent pour dominer la Terre. Ses <strong data-start=\"3480\" data-end=\"3502\">vampires Stromkirk<\/strong>, ses <strong data-start=\"3508\" data-end=\"3531\">loups-garous Kessig<\/strong>, ses <strong data-start=\"3537\" data-end=\"3566\">zombies de Gisa et Geralf<\/strong> et ses <strong data-start=\"3574\" data-end=\"3594\">esprits vengeurs<\/strong> cr\u00e9ent un univers fascinant et sinistre que vous retrouverez dans chaque carte de cette collection.<\/p>\n<hr class=\"\" data-start=\"3696\" data-end=\"3699\" \/>\n<h3 class=\"\" data-start=\"3701\" data-end=\"3767\"><strong data-start=\"3705\" data-end=\"3767\">\ud83d\udd2e Ne laissez pas les t\u00e9n\u00e8bres d\u2019Innistrad vous \u00e9chapper !<\/strong><\/h3>\n<p class=\"\" data-start=\"3769\" data-end=\"4155\">Ce booster collector est une <strong data-start=\"3798\" data-end=\"3820\">opportunit\u00e9 unique<\/strong> de red\u00e9couvrir ou de compl\u00e9ter votre collection avec des cartes l\u00e9gendaires qui ont marqu\u00e9 l\u2019histoire de Magic: The Gathering. Que vous soyez un collectionneur passionn\u00e9, un joueur comp\u00e9titif ou simplement un amateur de r\u00e9cits horrifiques, ce produit vous plongera dans l\u2019obscurit\u00e9 d\u2019Innistrad, o\u00f9 <strong data-start=\"4119\" data-end=\"4154\">seuls les plus rus\u00e9s survivront<\/strong>.<\/p>\n<p class=\"\" data-start=\"4157\" data-end=\"4327\">\ud83d\udc49 <strong data-start=\"4160\" data-end=\"4188\">Commandez d\u00e8s maintenant<\/strong> votre booster collector Innistrad Remastered et laissez les cr\u00e9atures de la nuit envahir votre collection ! Les t\u00e9n\u00e8bres vous attendent\u2026<\/p>\n","protected":false},"excerpt":{"rendered":"<p>Plongez dans l&#8217;horreur gothique d&#8217;Innistrad avec ce booster collector premium contenant 15 cartes foil, dont des raret\u00e9s mythiques et des traitements exclusifs issus des trois blocs embl\u00e9matiques d&#8217;Innistrad remasteris\u00e9s\ud83d\udda4<\/p>\n","protected":false},"featured_media":8714,"menu_order":0,"template":"","meta":{"_monsterinsights_skip_tracking":false,"_monsterinsights_sitenote_active":false,"_monsterinsights_sitenote_note":"","_monsterinsights_sitenote_category":0},"product_brand":[121],"product_cat":[310,82,64],"product_tag":[],"product_extension":[243],"class_list":{"0":"post-7471","1":"product","2":"type-product","3":"status-publish","4":"has-post-thumbnail","6":"product_brand-wizards-of-the-coast","7":"product_cat-310","8":"product_cat-booster-a-lunite","9":"product_cat-magic-the-gathering","10":"product_extension-innistrad-remastered","12":"first","13":"outofstock","14":"shipping-taxable","15":"purchasable","16":"product-type-simple"},"_links":{"self":[{"href":"https:\/\/mizoutcg.fr\/it\/wp-json\/wp\/v2\/product\/7471","targetHints":{"allow":["GET"]}}],"collection":[{"href":"https:\/\/mizoutcg.fr\/it\/wp-json\/wp\/v2\/product"}],"about":[{"href":"https:\/\/mizoutcg.fr\/it\/wp-json\/wp\/v2\/types\/product"}],"wp:featuredmedia":[{"embeddable":true,"href":"https:\/\/mizoutcg.fr\/it\/wp-json\/wp\/v2\/media\/8714"}],"wp:attachment":[{"href":"https:\/\/mizoutcg.fr\/it\/wp-json\/wp\/v2\/media?parent=7471"}],"wp:term":[{"taxonomy":"product_brand","embeddable":true,"href":"https:\/\/mizoutcg.fr\/it\/wp-json\/wp\/v2\/product_brand?post=7471"},{"taxonomy":"product_cat","embeddable":true,"href":"https:\/\/mizoutcg.fr\/it\/wp-json\/wp\/v2\/product_cat?post=7471"},{"taxonomy":"product_tag","embeddable":true,"href":"https:\/\/mizoutcg.fr\/it\/wp-json\/wp\/v2\/product_tag?post=7471"},{"taxonomy":"product_extension","embeddable":true,"href":"https:\/\/mizoutcg.fr\/it\/wp-json\/wp\/v2\/product_extension?post=7471"}],"curies":[{"name":"wp","href":"https:\/\/api.w.org\/{rel}","templated":true}]}}