{"id":7069,"date":"2024-12-15T13:54:55","date_gmt":"2024-12-15T12:54:55","guid":{"rendered":"https:\/\/mizoutcg.fr\/produit\/jeu-de-societe-jy-crois-pas-jeu-dambiance-et-de-bluff\/"},"modified":"2026-03-07T10:00:14","modified_gmt":"2026-03-07T09:00:14","slug":"jeu-de-societe-jy-crois-pas-jeu-dambiance-et-de-bluff","status":"publish","type":"product","link":"https:\/\/mizoutcg.fr\/it\/produit\/jeu-de-societe-jy-crois-pas-jeu-dambiance-et-de-bluff\/","title":{"rendered":"J'y Crois Pas - Gioco da Tavolo - Studio H Gigamic"},"content":{"rendered":"<h2>\ud83c\udfad Scopri J'y Crois Pas, il gioco che mette alla prova le tue doti di bluffatore!<\/h2><p><strong>J'y Crois Pas<\/strong> \u00e8 un <em>gioco da tavolo di atmosfera e bluff<\/em> creato da <strong>Studio H Gigamic<\/strong> che trasformer\u00e0 le tue serate in momenti di risate e suspense! Questo gioco innovativo unisce <strong>conoscenza e improvvisazione<\/strong>, dove puoi vincere anche rispondendo a caso!<\/p><h3>\ud83c\udccf Contenuto di questa edizione completa<\/h3><p>Questa scatola contiene tutto il necessario per partite memorabili:<\/p><ul><li><strong>350 carte domanda<\/strong> ripartite su 11 categorie tematiche<\/li><li><strong>130 gettoni vittoria<\/strong> per contabilizzare i tuoi punti<\/li><li><strong>8 gettoni x2<\/strong> per raddoppiare le tue vincite<\/li><li><strong>1 regolamento<\/strong> chiaro e illustrato<\/li><\/ul><p>Con le sue <strong>350 domande pazzesche<\/strong>, questo gioco offre una rigiocabilit\u00e0 eccezionale! Ogni partita sar\u00e0 diversa grazie alla variet\u00e0 dei temi affrontati.<\/p><h3>\u2699\ufe0f Meccaniche di gioco e regole<\/h3><p>Il principio \u00e8 diabolicamente semplice ed efficace: a ogni turno, un giocatore chiamato <strong>\"il Candido\"<\/strong> pesca una carta domanda e la pone agli altri partecipanti. I giocatori vedono la risposta corretta sul retro della carta, ma attenzione: <em>la risposta corretta deve essere data una sola volta<\/em>!<\/p><p>Ogni partecipante deve proporre una risposta al Candido, che cercher\u00e0 poi di eliminare i <strong>bugiardi<\/strong>. Se il Candido smaschera un bluffatore, quest'ultimo posiziona uno dei suoi punti al centro del tavolo. Ma attenzione agli errori! Se il Candido accusa per errore chi ha dato la risposta corretta, perde tutto!<\/p><p>Questa meccanica unica crea una tensione permanente tra <strong>verit\u00e0 e menzogna<\/strong>, dove i migliori attori e i pi\u00f9 fini psicologi trionfano.<\/p><h4>\ud83c\udfaf Caratteristiche tecniche<\/h4><ul><li><strong>Numero di giocatori:<\/strong> da 4 a 8 partecipanti<\/li><li><strong>Et\u00e0 consigliata:<\/strong> A part...","protected":false},"excerpt":{"rendered":"Gioco di atmosfera e bluff di Studio H Gigamic dove cultura e improvvisazione si mescolano per 4-8 giocatori dai 10 anni, con 350 domande esilaranti!","protected":false},"featured_media":8783,"menu_order":0,"template":"","meta":{"_monsterinsights_skip_tracking":false,"_monsterinsights_sitenote_active":false,"_monsterinsights_sitenote_note":"","_monsterinsights_sitenote_category":0},"product_brand":[132],"product_cat":[107,108],"product_tag":[],"product_extension":[],"class_list":{"0":"post-7069","1":"product","2":"type-product","3":"status-publish","4":"has-post-thumbnail","6":"product_brand-non-specifie","7":"product_cat-autres-root","8":"product_cat-jeux-de-societe-autres","10":"first","11":"instock","12":"shipping-taxable","13":"purchasable","14":"product-type-simple"},"_links":{"self":[{"href":"https:\/\/mizoutcg.fr\/it\/wp-json\/wp\/v2\/product\/7069","targetHints":{"allow":["GET"]}}],"collection":[{"href":"https:\/\/mizoutcg.fr\/it\/wp-json\/wp\/v2\/product"}],"about":[{"href":"https:\/\/mizoutcg.fr\/it\/wp-json\/wp\/v2\/types\/product"}],"wp:featuredmedia":[{"embeddable":true,"href":"https:\/\/mizoutcg.fr\/it\/wp-json\/wp\/v2\/media\/8783"}],"wp:attachment":[{"href":"https:\/\/mizoutcg.fr\/it\/wp-json\/wp\/v2\/media?parent=7069"}],"wp:term":[{"taxonomy":"product_brand","embeddable":true,"href":"https:\/\/mizoutcg.fr\/it\/wp-json\/wp\/v2\/product_brand?post=7069"},{"taxonomy":"product_cat","embeddable":true,"href":"https:\/\/mizoutcg.fr\/it\/wp-json\/wp\/v2\/product_cat?post=7069"},{"taxonomy":"product_tag","embeddable":true,"href":"https:\/\/mizoutcg.fr\/it\/wp-json\/wp\/v2\/product_tag?post=7069"},{"taxonomy":"product_extension","embeddable":true,"href":"https:\/\/mizoutcg.fr\/it\/wp-json\/wp\/v2\/product_extension?post=7069"}],"curies":[{"name":"wp","href":"https:\/\/api.w.org\/{rel}","templated":true}]}}