{"id":12711,"date":"2026-04-10T16:03:48","date_gmt":"2026-04-10T14:03:48","guid":{"rendered":"https:\/\/mizoutcg.fr\/produit\/pack-avant-premiere-strixhaven-prismari-magic-the-gathering\/"},"modified":"2026-04-27T15:35:37","modified_gmt":"2026-04-27T13:35:37","slug":"pack-avant-premiere-strixhaven-prismari-magic-the-gathering","status":"publish","type":"product","link":"https:\/\/mizoutcg.fr\/it\/produit\/pack-avant-premiere-strixhaven-prismari-magic-the-gathering\/","title":{"rendered":"Pack Pre-release Strixhaven Prismari - Magic The Gathering"},"content":{"rendered":"<h2>\ud83c\udf93 L'universit\u00e0 Prismari ti apre le sue porte<\/h2>\n<p>Libera la tua creativit\u00e0 elementale nella pi\u00f9 sgargiante delle universit\u00e0 di Arcavios e scolpisci il tuo capolavoro. <strong>Secrets de Strixhaven<\/strong> (<em>Secrets of Strixhaven<\/em>) riapre finalmente le porte della scuola di magia pi\u00f9 prestigiosa del Multiverso, e questo <strong>Prerelease Pack Prismari<\/strong> ti permette di immergerti nell'esperienza prima di tutti gli altri. Sul piano leggendario di <strong>Arcavios<\/strong>, il sapere \u00e8 legge e ogni studente deve scegliere la propria via tra le <strong>cinque grandi universit\u00e0<\/strong>, ciascuna rappresentante una sfaccettatura unica della magia.<\/p>\n\n<h3>\ud83e\udeb6 Perch\u00e9 scegliere Prismari?<\/h3>\n<p>L'universit\u00e0 <strong>Prismari<\/strong> (<em>Prismari<\/em>) incarna <strong>l'espressione artistica esplosiva e la padronanza degli elementi grezzi<\/strong>. I suoi studenti sono <em>artisti di fuoco e ghiaccio, virtuosi dello spettacolo<\/em>, e la loro filosofia si traduce in gioco con un <strong>gioco blu-rosso basato su istantanei e stregonerie, sul Magecraft e su grandi finisher<\/strong>. Questo pack tematico \u00e8 pensato per farti vivere questa identit\u00e0 fin dalla prima partita, che tu sia un nuovo arrivato o un veterano del gioco.<\/p>\n\n<h3>\ud83d\udce6 Contenuto preciso del Prerelease Pack Prismari<\/h3>\n<p>Ogni <strong>Prerelease Pack<\/strong> di <em>Secrets de Strixhaven<\/em> contiene tutto il necessario per partecipare a un evento di prerelease o iniziare la tua collezione Strixhaven con il piede giusto:<\/p>\n<ul>\n<li><strong>5 Booster di gioco<\/strong> Magic: The Gathering \u2014 Secrets de Strixhaven (versione francese)<\/li>\n<li><strong>1 Booster tematico<\/strong> di 14 carte specificamente incentrato sui colori dell'universit\u00e0 <strong>Prismari<\/strong><\/li>\n<li><strong>1 carta rara o rara mitica foil tradizionale<\/strong>, stampigliata con l'anno di uscita<\/li>\n<li><strong>1 contatore di punti vita Spindown<\/strong> nei colori ufficiali di Prismari...","protected":false},"excerpt":{"rendered":"Pack pre-release Prismari (Prismari) dell'espansione Strixhaven: School of Mages. 5 booster, 1 booster tematico, 1 carta promo foil.","protected":false},"featured_media":12710,"menu_order":0,"template":"","meta":{"_monsterinsights_skip_tracking":false,"_monsterinsights_sitenote_active":false,"_monsterinsights_sitenote_note":"","_monsterinsights_sitenote_category":0},"product_brand":[],"product_cat":[103],"product_tag":[],"product_extension":[312],"class_list":{"0":"post-12711","1":"product","2":"type-product","3":"status-publish","4":"has-post-thumbnail","6":"product_cat-pack-avant-premiere","7":"product_extension-les-secrets-de-strixhaven","9":"first","10":"instock","11":"shipping-taxable","12":"purchasable","13":"product-type-simple"},"_links":{"self":[{"href":"https:\/\/mizoutcg.fr\/it\/wp-json\/wp\/v2\/product\/12711","targetHints":{"allow":["GET"]}}],"collection":[{"href":"https:\/\/mizoutcg.fr\/it\/wp-json\/wp\/v2\/product"}],"about":[{"href":"https:\/\/mizoutcg.fr\/it\/wp-json\/wp\/v2\/types\/product"}],"wp:featuredmedia":[{"embeddable":true,"href":"https:\/\/mizoutcg.fr\/it\/wp-json\/wp\/v2\/media\/12710"}],"wp:attachment":[{"href":"https:\/\/mizoutcg.fr\/it\/wp-json\/wp\/v2\/media?parent=12711"}],"wp:term":[{"taxonomy":"product_brand","embeddable":true,"href":"https:\/\/mizoutcg.fr\/it\/wp-json\/wp\/v2\/product_brand?post=12711"},{"taxonomy":"product_cat","embeddable":true,"href":"https:\/\/mizoutcg.fr\/it\/wp-json\/wp\/v2\/product_cat?post=12711"},{"taxonomy":"product_tag","embeddable":true,"href":"https:\/\/mizoutcg.fr\/it\/wp-json\/wp\/v2\/product_tag?post=12711"},{"taxonomy":"product_extension","embeddable":true,"href":"https:\/\/mizoutcg.fr\/it\/wp-json\/wp\/v2\/product_extension?post=12711"}],"curies":[{"name":"wp","href":"https:\/\/api.w.org\/{rel}","templated":true}]}}