{"id":12664,"date":"2026-03-25T13:21:36","date_gmt":"2026-03-25T12:21:36","guid":{"rendered":"https:\/\/mizoutcg.fr\/produit\/bundle-les-secrets-de-strixhaven-magic-the-gathering\/"},"modified":"2026-04-27T15:42:09","modified_gmt":"2026-04-27T13:42:09","slug":"bundle-les-secrets-de-strixhaven-magic-the-gathering","status":"publish","type":"product","link":"https:\/\/mizoutcg.fr\/it\/produit\/bundle-les-secrets-de-strixhaven-magic-the-gathering\/","title":{"rendered":"Bundle Strixhaven: School of Mages - Magic The Gathering"},"content":{"rendered":"<h2>Bundle Les Secrets de Strixhaven \u2013 Magic: The Gathering (FR)<\/h2>\n\nTuffati di nuovo nell'universit\u00e0 di magia pi\u00f9 famosa del Multiverso con il <strong>Bundle Les Secrets de Strixhaven<\/strong>! Questa nuova espansione ci riporta sul piano di Arcavios, nel cuore delle cinque facolt\u00e0 fondate dai draghi ancestrali: <strong>Plumargent, Prismari, Fletrival, Doyen-Savoir e Quandrix<\/strong>. Ma questa volta, i segreti meglio custoditi di Strixhaven tornano in superficie\u2026\n\n<h3>Contenuto del Bundle<\/h3>\n\n<ul>\n  <li><strong>9 Play Boosters<\/strong> Les Secrets de Strixhaven (14 carte per booster, di cui almeno 1 carta Premium tradizionale garantita e la possibilit\u00e0 di ottenere pi\u00f9 rare)<\/li>\n  <li><strong>1 carta promozionale Premium tradizionale<\/strong> con un'illustrazione alternativa esclusiva del Bundle<\/li>\n  <li><strong>30 carte terra<\/strong>: 15 Premium tradizionali (di cui 5 a illustrazione integrale) + 15 non Premium (di cui 5 a illustrazione integrale)<\/li>\n  <li><strong>1 contatore vita Spindown gigante<\/strong> a tema<\/li>\n  <li><strong>1 scatola portacarte<\/strong> illustrata Les Secrets de Strixhaven<\/li>\n  <li><strong>2 schede di riferimento<\/strong><\/li>\n<\/ul>\n\n<h3>Perch\u00e9 scegliere questo Bundle?<\/h3>\n\nIl Bundle \u00e8 il <strong>punto di ingresso ideale<\/strong> per scoprire una nuova espansione Magic. Con i suoi 9 Play Boosters, hai abbastanza carte per costruire i tuoi primi mazzi, organizzare un Sealed tra amici o semplicemente arricchire la tua collezione. La carta promozionale esclusiva e le terre a illustrazione integrale ne fanno inoltre un prodotto molto apprezzato dai collezionisti.\n\n<h3>L'universo di Les Secrets de Strixhaven<\/h3>\n\nStrixhaven, l'universit\u00e0 di magia del piano di Arcavios, \u00e8 di ritorno con una trama pi\u00f9 cupa e misteriosa. Ogni facolt\u00e0 esplora il conflitto tra due colori di mana opposti, con <strong>nuove meccaniche esclusive<\/strong>: Riposta per Plumargent, Opus per Prismari, e molto...","protected":false},"excerpt":{"rendered":"Questo Bundle contiene 9 booster da gioco Strixhaven: School of Mages, oltre a 1 carta Premium tradizionale con illustrazione alternativa esclusiva del Bundle, 15 carte terra Premium tradizionali (di cui 5 full art) e 15 carte terra non-Premium (di cui 5 full art), 1 com","protected":false},"featured_media":12666,"menu_order":0,"template":"","meta":{"_monsterinsights_skip_tracking":false,"_monsterinsights_sitenote_active":false,"_monsterinsights_sitenote_note":"","_monsterinsights_sitenote_category":0},"product_brand":[],"product_cat":[79,64],"product_tag":[],"product_extension":[312],"class_list":{"0":"post-12664","1":"product","2":"type-product","3":"status-publish","4":"has-post-thumbnail","6":"product_cat-bundle","7":"product_cat-magic-the-gathering","8":"product_extension-les-secrets-de-strixhaven","10":"first","11":"instock","12":"shipping-taxable","13":"purchasable","14":"product-type-simple"},"_links":{"self":[{"href":"https:\/\/mizoutcg.fr\/it\/wp-json\/wp\/v2\/product\/12664","targetHints":{"allow":["GET"]}}],"collection":[{"href":"https:\/\/mizoutcg.fr\/it\/wp-json\/wp\/v2\/product"}],"about":[{"href":"https:\/\/mizoutcg.fr\/it\/wp-json\/wp\/v2\/types\/product"}],"wp:featuredmedia":[{"embeddable":true,"href":"https:\/\/mizoutcg.fr\/it\/wp-json\/wp\/v2\/media\/12666"}],"wp:attachment":[{"href":"https:\/\/mizoutcg.fr\/it\/wp-json\/wp\/v2\/media?parent=12664"}],"wp:term":[{"taxonomy":"product_brand","embeddable":true,"href":"https:\/\/mizoutcg.fr\/it\/wp-json\/wp\/v2\/product_brand?post=12664"},{"taxonomy":"product_cat","embeddable":true,"href":"https:\/\/mizoutcg.fr\/it\/wp-json\/wp\/v2\/product_cat?post=12664"},{"taxonomy":"product_tag","embeddable":true,"href":"https:\/\/mizoutcg.fr\/it\/wp-json\/wp\/v2\/product_tag?post=12664"},{"taxonomy":"product_extension","embeddable":true,"href":"https:\/\/mizoutcg.fr\/it\/wp-json\/wp\/v2\/product_extension?post=12664"}],"curies":[{"name":"wp","href":"https:\/\/api.w.org\/{rel}","templated":true}]}}