{"id":12408,"date":"2026-02-13T11:31:57","date_gmt":"2026-02-13T10:31:57","guid":{"rendered":"https:\/\/mizoutcg.fr\/produit\/display-rise-corrupted-rise-tcg\/"},"modified":"2026-02-16T14:09:02","modified_gmt":"2026-02-16T13:09:02","slug":"display-rise-corrupted-rise-tcg","status":"publish","type":"product","link":"https:\/\/mizoutcg.fr\/it\/produit\/display-rise-corrupted-rise-tcg\/","title":{"rendered":"Display Rise Corrupted &#8211; Rise TCG"},"content":{"rendered":"<h2>Display Rise Corrupted \u2014 24 Boosters FR<\/h2>\n<p>Le <strong>Display Rise Corrupted<\/strong> est la deuxi\u00e8me extension du jeu de cartes \u00e0 collectionner <strong>Rise TCG<\/strong> par Dark Screen Games. Cette \u00e9dition plonge les joueurs dans un <strong>univers sombre et impitoyable<\/strong>, con\u00e7u pour renouveler le m\u00e9ta-game et surprendre m\u00eame les joueurs les plus exp\u00e9riment\u00e9s.<\/p>\n<h3>Contenu du Display<\/h3>\n<ul>\n<li><strong>24 boosters<\/strong> de 7 cartes chacun<\/li>\n<li><strong>Slots 1 \u00e0 4<\/strong> : cartes standard<\/li>\n<li><strong>Slots 5 \u00e0 6<\/strong> : cartes <strong>foil<\/strong><\/li>\n<li><strong>Slot 7<\/strong> : carte <strong>Glitter Foil<\/strong> ou <strong>S\u00e9rialis\u00e9e Collector<\/strong><\/li>\n<li><strong>1 boxtopper lenticulaire exclusif<\/strong> par display<\/li>\n<li><strong>1 \u00e0 2 cartes s\u00e9rialis\u00e9es<\/strong> garanties par display<\/li>\n<li>Chance de tomber sur un <strong>Godpack<\/strong><\/li>\n<\/ul>\n<h3>\u00c9dition Limit\u00e9e<\/h3>\n<p>L&#8217;\u00e9dition Corrupted est <strong>limit\u00e9e \u00e0 10 000 exemplaires<\/strong> dans le monde. Chaque display est un produit num\u00e9rot\u00e9 et collector, ce qui en fait un excellent investissement pour les collectionneurs et les joueurs comp\u00e9titifs.<\/p>\n<h3>Chi siamo de Rise TCG<\/h3>\n<p><strong>Rise TCG<\/strong> est un jeu de cartes strat\u00e9gique o\u00f9 les joueurs incarnent des leaders commandant des cr\u00e9atures mystiques, des h\u00e9ros l\u00e9gendaires et des artefacts ancestraux. L&#8217;objectif est de r\u00e9duire les points de vie de l&#8217;adversaire \u00e0 z\u00e9ro gr\u00e2ce \u00e0 une construction de deck r\u00e9fl\u00e9chie et des d\u00e9cisions tactiques.<\/p>\n<p>Cette extension Corrupted apporte des <strong>illustrations percutantes<\/strong>, des <strong>m\u00e9caniques de jeu innovantes<\/strong> et des <strong>cr\u00e9atures puissantes<\/strong> pour enrichir vos strat\u00e9gies comp\u00e9titives.<\/p>\n","protected":false},"excerpt":{"rendered":"Display Rise TCG Corrupted in francese: 24 booster da 7 carte, 1 boxtopper lenticolare esclusivo, da 1 a 2 carte serializzate garantite per display. Edizione limitata a 10.000 esemplari.","protected":false},"featured_media":12407,"menu_order":0,"template":"","meta":{"_monsterinsights_skip_tracking":false,"_monsterinsights_sitenote_active":false,"_monsterinsights_sitenote_note":"","_monsterinsights_sitenote_category":0},"product_brand":[236],"product_cat":[75],"product_tag":[],"product_extension":[233],"class_list":{"0":"post-12408","1":"product","2":"type-product","3":"status-publish","4":"has-post-thumbnail","6":"product_brand-rise-tcg","7":"product_cat-rise","8":"product_extension-corrupted","10":"first","11":"instock","12":"shipping-taxable","13":"purchasable","14":"product-type-simple"},"_links":{"self":[{"href":"https:\/\/mizoutcg.fr\/it\/wp-json\/wp\/v2\/product\/12408","targetHints":{"allow":["GET"]}}],"collection":[{"href":"https:\/\/mizoutcg.fr\/it\/wp-json\/wp\/v2\/product"}],"about":[{"href":"https:\/\/mizoutcg.fr\/it\/wp-json\/wp\/v2\/types\/product"}],"wp:featuredmedia":[{"embeddable":true,"href":"https:\/\/mizoutcg.fr\/it\/wp-json\/wp\/v2\/media\/12407"}],"wp:attachment":[{"href":"https:\/\/mizoutcg.fr\/it\/wp-json\/wp\/v2\/media?parent=12408"}],"wp:term":[{"taxonomy":"product_brand","embeddable":true,"href":"https:\/\/mizoutcg.fr\/it\/wp-json\/wp\/v2\/product_brand?post=12408"},{"taxonomy":"product_cat","embeddable":true,"href":"https:\/\/mizoutcg.fr\/it\/wp-json\/wp\/v2\/product_cat?post=12408"},{"taxonomy":"product_tag","embeddable":true,"href":"https:\/\/mizoutcg.fr\/it\/wp-json\/wp\/v2\/product_tag?post=12408"},{"taxonomy":"product_extension","embeddable":true,"href":"https:\/\/mizoutcg.fr\/it\/wp-json\/wp\/v2\/product_extension?post=12408"}],"curies":[{"name":"wp","href":"https:\/\/api.w.org\/{rel}","templated":true}]}}