{"id":12049,"date":"2026-01-22T09:47:27","date_gmt":"2026-01-22T08:47:27","guid":{"rendered":"https:\/\/mizoutcg.fr\/?post_type=product&#038;p=12049"},"modified":"2026-03-10T16:02:16","modified_gmt":"2026-03-10T15:02:16","slug":"bundle-lorwyn-eclipse-fr-magic-the-gathering","status":"publish","type":"product","link":"https:\/\/mizoutcg.fr\/it\/produit\/bundle-lorwyn-eclipse-fr-magic-the-gathering\/","title":{"rendered":"Bundle Lorwyn Eclipsed - Magic The Gathering"},"content":{"rendered":"<h2>\ud83c\udf13 Immergiti nell'universo di Lorwyn \u00c9clips\u00e9 (Lorwyn Eclipsed)<\/h2>\nBenvenuto sul piano mitico di <strong>Lorwyn<\/strong> e <strong>Shadowmoor<\/strong>, un mondo in perpetua trasformazione dove il giorno eterno cede il posto alla notte senza fine. L'espansione <strong>Lorwyn \u00c9clips\u00e9<\/strong> (Lorwyn Eclipsed) segna l'attesissimo ritorno di Magic: The Gathering su questo piano iconico, a quasi 18 anni dalla sua prima apparizione.\n<h3>\ud83c\udccf Contenuto del Bundle Lorwyn \u00c9clips\u00e9<\/h3>\nQuesto Bundle completo ti offre tutto il necessario per scoprire l'espansione <strong>Lorwyn \u00c9clips\u00e9<\/strong> (Lorwyn Eclipsed) in versione francese:\n<ul>\n \t<li><strong>9 Play Booster<\/strong> Lorwyn \u00c9clips\u00e9 per aprire e scoprire le 408 carte dell'espansione<\/li>\n \t<li><strong>1 carta a illustrazione alternativa Premium<\/strong> (foil tradizionale) esclusiva del Bundle<\/li>\n \t<li><strong>30 carte terra<\/strong>: 15 terre Premium (foil) e 15 non-Premium, comprese illustrazioni a tutto campo<\/li>\n \t<li><strong>1 contatore di punti vita Spindown<\/strong> a tema<\/li>\n \t<li><strong>1 Deck box<\/strong> nei colori dell'espansione<\/li>\n \t<li><strong>2 schede di riferimento<\/strong> per le regole<\/li>\n<\/ul>\n<h3>\u2694\ufe0f Le meccaniche emblematiche di Lorwyn Eclipsed<\/h3>\nL'espansione Lorwyn \u00c9clips\u00e9 (Lorwyn Eclipsed) reintroduce meccaniche amate apportando al contempo novit\u00e0:\n<ul>\n \t<li><strong>Cancrena (Blight)<\/strong>: posiziona segnalini -1\/-1 sulle creature per incarnare l'influenza corruttrice di Shadowmoor<\/li>\n \t<li><strong>Sgargiante (Vivid)<\/strong>: abilit\u00e0 che premiano la diversit\u00e0 di colori tra i tuoi permanenti<\/li>\n \t<li><strong>Mutaforma (Changeling)<\/strong>: il ritorno della parola chiave che permette a una creatura di essere di tutti i tipi<\/li>\n \t<li><strong>Evocazione (Evoke)<\/strong>: invoca elementali potenti a un costo ridotto sacrificandoli<\/li>\n \t<li><strong>Carte fronte-retro trasformabili<\/stro...","protected":false},"excerpt":{"rendered":"Bundle Magic Lorwyn Eclipsed IT: 9 booster, 30 terre premium, carta promo foil esclusiva e scatola portaoggetti. Esplora il mondo duale di Lorwyn\/Shadowmoor!","protected":false},"featured_media":12055,"menu_order":0,"template":"","meta":{"_monsterinsights_skip_tracking":false,"_monsterinsights_sitenote_active":false,"_monsterinsights_sitenote_note":"","_monsterinsights_sitenote_category":0},"product_brand":[119],"product_cat":[79,64],"product_tag":[],"product_extension":[301],"class_list":{"0":"post-12049","1":"product","2":"type-product","3":"status-publish","4":"has-post-thumbnail","6":"product_brand-magic-the-gathering","7":"product_cat-bundle","8":"product_cat-magic-the-gathering","9":"product_extension-lorwyn-eclipse","11":"first","12":"instock","13":"sale","14":"shipping-taxable","15":"purchasable","16":"product-type-simple"},"_links":{"self":[{"href":"https:\/\/mizoutcg.fr\/it\/wp-json\/wp\/v2\/product\/12049","targetHints":{"allow":["GET"]}}],"collection":[{"href":"https:\/\/mizoutcg.fr\/it\/wp-json\/wp\/v2\/product"}],"about":[{"href":"https:\/\/mizoutcg.fr\/it\/wp-json\/wp\/v2\/types\/product"}],"wp:featuredmedia":[{"embeddable":true,"href":"https:\/\/mizoutcg.fr\/it\/wp-json\/wp\/v2\/media\/12055"}],"wp:attachment":[{"href":"https:\/\/mizoutcg.fr\/it\/wp-json\/wp\/v2\/media?parent=12049"}],"wp:term":[{"taxonomy":"product_brand","embeddable":true,"href":"https:\/\/mizoutcg.fr\/it\/wp-json\/wp\/v2\/product_brand?post=12049"},{"taxonomy":"product_cat","embeddable":true,"href":"https:\/\/mizoutcg.fr\/it\/wp-json\/wp\/v2\/product_cat?post=12049"},{"taxonomy":"product_tag","embeddable":true,"href":"https:\/\/mizoutcg.fr\/it\/wp-json\/wp\/v2\/product_tag?post=12049"},{"taxonomy":"product_extension","embeddable":true,"href":"https:\/\/mizoutcg.fr\/it\/wp-json\/wp\/v2\/product_extension?post=12049"}],"curies":[{"name":"wp","href":"https:\/\/api.w.org\/{rel}","templated":true}]}}