{"id":10608,"date":"2025-09-08T14:39:58","date_gmt":"2025-09-08T12:39:58","guid":{"rendered":"https:\/\/mizoutcg.fr\/produit\/display-collector-innistrad-chasse-de-minuit\/"},"modified":"2026-03-07T12:03:10","modified_gmt":"2026-03-07T11:03:10","slug":"display-collector-innistrad-chasse-de-minuit","status":"publish","type":"product","link":"https:\/\/mizoutcg.fr\/it\/produit\/display-collector-innistrad-chasse-de-minuit\/","title":{"rendered":"Display Collector Innistrad Chasse de Minuit &#8211; Magic The Gathering"},"content":{"rendered":"<h2>\ud83c\udf19 Scopri l&#8217;univers gothique d&#8217;Innistrad<\/h2>\n<p>Plongez dans l&#8217;atmosph\u00e8re sombre et myst\u00e9rieuse d&#8217;<strong>Innistrad : Chasse de Minuit (Midnight Hunt)<\/strong>, la premi\u00e8re extension de deux sets complets qui nous ram\u00e8ne sur ce plan iconique de l&#8217;horreur gothique. Alors que les nuits s&#8217;allongent et que l&#8217;obscurit\u00e9 gagne du terrain, les humains d&#8217;Innistrad se rassemblent pour le festival des Moissons dans l&#8217;espoir de repousser les t\u00e9n\u00e8bres qui approchent.<\/p>\n<h3>\ud83d\udce6 Contenu de ce Display Collector<\/h3>\n<p>Ce <strong>Display Collector fran\u00e7ais<\/strong> contient <strong>12 boosters collector<\/strong> d&#8217;Innistrad : Chasse de Minuit, chacun renfermant 15 cartes Magic et 1 jeton double face traditionnel en feuille. Chaque booster propose un raccourci vers les <strong>cartes les plus belles et les plus rares<\/strong>, id\u00e9al pour les joueurs passionn\u00e9s et les collectionneurs exigeants.<\/p>\n<p>Chaque booster collector comprend :<\/p>\n<ul>\n<li><strong>5 cartes rares et\/ou mythiques rares<\/strong><\/li>\n<li>2 \u00e0 5 cartes peu communes<\/li>\n<li>4 \u00e0 7 cartes communes<\/li>\n<li>1 carte de terrain de base plein-art <strong>Nuit \u00c9ternelle<\/strong><\/li>\n<li><strong>10 cartes en feuille traditionnelle<\/strong> par paquet<\/li>\n<li><strong>8 cartes avec traitements sp\u00e9ciaux<\/strong> (Showcase, Borderless, Extended-Art)<\/li>\n<\/ul>\n<h3>\u2728 Traitements sp\u00e9ciaux exclusifs<\/h3>\n<p>Les boosters collector d&#8217;Innistrad Chasse de Minuit offrent des <strong>versions alternatives uniques<\/strong>, certaines exclusivement disponibles dans ce produit. Vous trouverez au moins <strong>3 cartes Showcase \u00c9quinoxe<\/strong> par paquet, pouvant aller jusqu&#8217;\u00e0 5. Ces cartes arborent des cadres orn\u00e9s de d\u00e9corations du festival des Moissons avec des gravures color\u00e9es qui compl\u00e8tent parfairement leur art alternatif saisissant.<\/p>\n<p>Tous les boosters contiennent une <strong>carte de terrain de base Nuit \u00c9ternelle plein-art Showcase<\/strong> avec un art stylis\u00e9 noir et blanc et un traitement sp\u00e9cial haute brillance qui fait scintiller les lignes et les symboles de mana.<\/p>\n<h4>\ud83c\udfad Pour qui est-ce fait ?<\/h4>\n<p>Ce display collector s&#8217;adresse particuli\u00e8rement aux <strong>collectionneurs recherchant les cartes les plus rares<\/strong> et les versions alternatives superbes d&#8217;Innistrad Chasse de Minuit. Parfait pour :<\/p>\n<ul>\n<li>Les collectionneurs passionn\u00e9s de cartes premium<\/li>\n<li>Les joueurs cherchant des versions alternatives de leurs cartes pr\u00e9f\u00e9r\u00e9es<\/li>\n<li>Les amateurs de l&#8217;univers gothique d&#8217;Innistrad<\/li>\n<li>Ceux qui appr\u00e9cient les traitements artistiques exclusifs<\/li>\n<\/ul>\n<p>Innistrad : Chasse de Minuit marque le retour sur ce plan embl\u00e9matique o\u00f9 les <strong>loups-garous et cr\u00e9atures de la nuit<\/strong> r\u00f4dent, mais o\u00f9 subsiste l&#8217;espoir et la force des humains rassembl\u00e9s dans les profondeurs des bois de la campagne de Kessig. Une extension incontournable pour d\u00e9couvrir ou red\u00e9couvrir l&#8217;atmosph\u00e8re unique de Magic dans sa version fran\u00e7aise.<\/p>\n","protected":false},"excerpt":{"rendered":"<p>Display Collector fran\u00e7ais Innistrad Chasse de Minuit : 12 boosters premium avec cartes rares, traitements sp\u00e9ciaux exclusifs et art Showcase \u00c9quinoxe.<\/p>\n","protected":false},"featured_media":10616,"menu_order":0,"template":"","meta":{"_monsterinsights_skip_tracking":false,"_monsterinsights_sitenote_active":false,"_monsterinsights_sitenote_note":"","_monsterinsights_sitenote_category":0},"product_brand":[119],"product_cat":[72,64],"product_tag":[],"product_extension":[285],"class_list":{"0":"post-10608","1":"product","2":"type-product","3":"status-publish","4":"has-post-thumbnail","6":"product_brand-magic-the-gathering","7":"product_cat-boite-de-boosters","8":"product_cat-magic-the-gathering","9":"product_extension-innistrad-chasse-de-minuit","11":"first","12":"outofstock","13":"shipping-taxable","14":"purchasable","15":"product-type-simple"},"_links":{"self":[{"href":"https:\/\/mizoutcg.fr\/it\/wp-json\/wp\/v2\/product\/10608","targetHints":{"allow":["GET"]}}],"collection":[{"href":"https:\/\/mizoutcg.fr\/it\/wp-json\/wp\/v2\/product"}],"about":[{"href":"https:\/\/mizoutcg.fr\/it\/wp-json\/wp\/v2\/types\/product"}],"wp:featuredmedia":[{"embeddable":true,"href":"https:\/\/mizoutcg.fr\/it\/wp-json\/wp\/v2\/media\/10616"}],"wp:attachment":[{"href":"https:\/\/mizoutcg.fr\/it\/wp-json\/wp\/v2\/media?parent=10608"}],"wp:term":[{"taxonomy":"product_brand","embeddable":true,"href":"https:\/\/mizoutcg.fr\/it\/wp-json\/wp\/v2\/product_brand?post=10608"},{"taxonomy":"product_cat","embeddable":true,"href":"https:\/\/mizoutcg.fr\/it\/wp-json\/wp\/v2\/product_cat?post=10608"},{"taxonomy":"product_tag","embeddable":true,"href":"https:\/\/mizoutcg.fr\/it\/wp-json\/wp\/v2\/product_tag?post=10608"},{"taxonomy":"product_extension","embeddable":true,"href":"https:\/\/mizoutcg.fr\/it\/wp-json\/wp\/v2\/product_extension?post=10608"}],"curies":[{"name":"wp","href":"https:\/\/api.w.org\/{rel}","templated":true}]}}