{"id":10535,"date":"2025-09-03T15:15:10","date_gmt":"2025-09-03T13:15:10","guid":{"rendered":"https:\/\/mizoutcg.fr\/?post_type=product&#038;p=10535"},"modified":"2025-11-07T11:03:48","modified_gmt":"2025-11-07T10:03:48","slug":"jeu-goodbye-world-en-nintendo-switch","status":"publish","type":"product","link":"https:\/\/mizoutcg.fr\/it\/produit\/jeu-goodbye-world-en-nintendo-switch\/","title":{"rendered":"Gioco Goodbye World - Nintendo Switch"},"content":{"rendered":"<p>Tuffati in <strong>Goodbye World<\/strong>, un'avventura narrativa toccante che esplora le sfide dello sviluppo di videogiochi indipendenti su Nintendo Switch. Questo titolo unico pubblicato da <strong>Numskull Games<\/strong> ti invita a scoprire la storia commovente di due creatori di videogiochi che lottano per realizzare i propri sogni.<\/p>\n\n<h2>\ud83c\udfae Una Storia Autentica e Toccante<\/h2>\n\n<p>Segui l'avventura di <strong>Kanii<\/strong>, una programmatrice talentuosa, e <strong>Kumade<\/strong>, un grafico creativo, due amici che si sono incontrati all'universit\u00e0 e che dopo la laurea cercano di creare videogiochi indipendenti di successo. La realt\u00e0 \u00e8 dura: le loro creazioni non vendono e passano la maggior parte del tempo a lavorare in lavori alimentari per arrivare a fine mese.<\/p>\n\n<p>Questa <strong>profonda avventura narrativa<\/strong> di 13 capitoli ti immerger\u00e0 negli alti e bassi della creazione artistica, esplorando temi universali come la passione, la perseveranza e i momenti in cui bisogna saper voltare pagina.<\/p>\n\n<h3>\ud83d\udd79\ufe0f Gameplay Unico: Doppia Esperienza<\/h3>\n\n<p>Goodbye World propone un'esperienza di gioco innovativa che combina perfettamente narrazione e gameplay:<\/p>\n\n<ul>\n<li><strong>13 capitoli narrativi<\/strong> ricchi di emozione e sviluppo dei personaggi<\/li>\n<li><strong>12 livelli di puzzle-platformer<\/strong> che sblocchi man mano che la storia procede<\/li>\n<li>Un sistema di gioco nel gioco in cui giochi alle creazioni di Kanii e Kumade<\/li>\n<li>Grafica pixel art retr\u00f2 ispirata al Game Boy<\/li>\n<li>Una durata di gioco di circa <strong>2 ore<\/strong> perfetta per una sessione intensa<\/li>\n<\/ul>\n\n<h3>\ud83c\udfa8 Direzione Artistica e Tecnica<\/h3>\n\n<p>Il gioco affascina con il suo <strong>autentico stile visivo pixel art<\/strong> che rende omaggio ai classici del gioco indipendente. L'interfaccia ricorda volontariamente il Game Boy, creando un'atmosfera nostalgica perfetta per questa stori...<\/p>","protected":false},"excerpt":{"rendered":"Gioco narrativo Nintendo Switch su due sviluppatori indipendenti. 13 capitoli emozionanti + 12 livelli puzzle-platformer. Stile pixel art retr\u00f2 autentico.","protected":false},"featured_media":10555,"menu_order":0,"template":"","meta":{"_monsterinsights_skip_tracking":false,"_monsterinsights_sitenote_active":false,"_monsterinsights_sitenote_note":"","_monsterinsights_sitenote_category":0},"product_brand":[290],"product_cat":[107,110],"product_tag":[],"product_extension":[],"class_list":{"0":"post-10535","1":"product","2":"type-product","3":"status-publish","4":"has-post-thumbnail","6":"product_brand-numskull-games","7":"product_cat-autres-root","8":"product_cat-jeux-video-autres","10":"first","11":"instock","12":"shipping-taxable","13":"purchasable","14":"product-type-simple"},"_links":{"self":[{"href":"https:\/\/mizoutcg.fr\/it\/wp-json\/wp\/v2\/product\/10535","targetHints":{"allow":["GET"]}}],"collection":[{"href":"https:\/\/mizoutcg.fr\/it\/wp-json\/wp\/v2\/product"}],"about":[{"href":"https:\/\/mizoutcg.fr\/it\/wp-json\/wp\/v2\/types\/product"}],"wp:featuredmedia":[{"embeddable":true,"href":"https:\/\/mizoutcg.fr\/it\/wp-json\/wp\/v2\/media\/10555"}],"wp:attachment":[{"href":"https:\/\/mizoutcg.fr\/it\/wp-json\/wp\/v2\/media?parent=10535"}],"wp:term":[{"taxonomy":"product_brand","embeddable":true,"href":"https:\/\/mizoutcg.fr\/it\/wp-json\/wp\/v2\/product_brand?post=10535"},{"taxonomy":"product_cat","embeddable":true,"href":"https:\/\/mizoutcg.fr\/it\/wp-json\/wp\/v2\/product_cat?post=10535"},{"taxonomy":"product_tag","embeddable":true,"href":"https:\/\/mizoutcg.fr\/it\/wp-json\/wp\/v2\/product_tag?post=10535"},{"taxonomy":"product_extension","embeddable":true,"href":"https:\/\/mizoutcg.fr\/it\/wp-json\/wp\/v2\/product_extension?post=10535"}],"curies":[{"name":"wp","href":"https:\/\/api.w.org\/{rel}","templated":true}]}}