{"id":7819,"date":"2025-04-01T01:49:59","date_gmt":"2025-03-31T23:49:59","guid":{"rendered":"https:\/\/mizoutcg.fr\/?page_id=7819"},"modified":"2025-10-04T15:24:19","modified_gmt":"2025-10-04T13:24:19","slug":"mentions-legales","status":"publish","type":"page","link":"https:\/\/mizoutcg.fr\/it\/mentions-legales\/","title":{"rendered":"Note Legali"},"content":{"rendered":"<div style=\"max-width: 1200px;margin: 0 auto;padding: 40px 20px;line-height: 1.8;text-align: justify;font-size: 16px\">\n\n<p style=\"text-align: right;margin-bottom: 40px;font-style: italic;color: #666\">Ultimo aggiornamento: 04\/10\/2025<\/p>\n\n<h1 style=\"text-align: center;margin-bottom: 40px;color: #2c3e50;font-size: 32px\">Note Legali<\/h1>\n\n<p style=\"margin-bottom: 30px\">Il sito internet <strong>www.mizoutcg.fr<\/strong> \u00e8 edito e gestito da <strong>MizouTCG<\/strong>, impresa individuale con lo statuto di micro-imprenditore, il cui indirizzo professionale \u00e8 situato in <strong>26 rue Bastard Senaux, 34320 Roujan, Francia<\/strong>, registrata con il numero SIRET <strong>903 542 165 00019<\/strong>.<\/p>\n\n<p style=\"margin-bottom: 30px\">Questo sito \u00e8 ospitato da <strong>Contabo GmbH<\/strong>, Aschauer Stra\u00dfe 32a, 81549 Monaco di Baviera, Germania.<\/p>\n\n<h2 style=\"margin-top: 50px;margin-bottom: 30px;color: #2c3e50;font-size: 24px;border-bottom: 2px solid #3498db;padding-bottom: 10px\">Propriet\u00e0 Intellettuale<\/h2>\n\n<p style=\"margin-bottom: 20px\">Questo sito appartiene ed \u00e8 gestito da MizouTCG. La presentazione e ciascuno degli elementi (testi, grafiche, fotografie, immagini, animazioni, icone, \u2026), inclusi i loghi e i nomi di dominio, presenti sul sito <strong>mizoutcg.fr<\/strong> sono protetti dalle legislazioni francesi e internazionali sul diritto d'autore e sulla propriet\u00e0 intellettuale, e appartengono a MizouTCG, oppure sono oggetto di un'autorizzazione d'uso da parte degli autori stessi.<\/p>\n\n<p style=\"margin-bottom: 20px\">Nessun elemento che compone il sito pu\u00f2 essere copiato, riprodotto, modificato, ripubblicato, caricato, snaturato, trasmesso o distribuito in qualsiasi modo, su qualsiasi supporto, in modo parziale o integrale, senza l'autorizzazione scritta e preventiva di MizouTCG, ad eccezione di un uso strettamente limitato alle esigenze della stampa e nel rispetto dei diritti di propriet\u00e0 intellettuale e di qualsiasi altro diritto di propriet\u00e0 menzionato.<\/p>\n\n<p style=\"margin-bottom: 20px\">Qualsiasi utilizzo autorizzato degli elementi che compongono o figurano nel sito deve avvenire senza snaturamento, modifica o alterazione in qualsiasi modo. MizouTCG si riserva il diritto di perseguire qualsiasi atto di contraffazione dei propri diritti di propriet\u00e0 intellettuale.<\/p>\n\n<\/div>","protected":false},"excerpt":{"rendered":"<p>Ultimo aggiornamento: 04\/10\/2025 Note Legali Il sito internet www.mizoutcg.fr \u00e8 edito e gestito da MizouTCG, impresa individuale con lo statuto di micro-imprenditore, il cui indirizzo professionale \u00e8 situato in 26 rue Bastard Senaux, 34320 Roujan, Francia, registrata con il numero SIRET 903 542 165 00019. Questo sito \u00e8 ospitato da Contabo GmbH, Aschauer Stra\u00dfe 32a, [&hellip;]<\/p>\n","protected":false},"author":1,"featured_media":0,"parent":0,"menu_order":0,"comment_status":"closed","ping_status":"closed","template":"","meta":{"_monsterinsights_skip_tracking":false,"_monsterinsights_sitenote_active":false,"_monsterinsights_sitenote_note":"","_monsterinsights_sitenote_category":0,"footnotes":""},"class_list":["post-7819","page","type-page","status-publish","hentry"],"_links":{"self":[{"href":"https:\/\/mizoutcg.fr\/it\/wp-json\/wp\/v2\/pages\/7819","targetHints":{"allow":["GET"]}}],"collection":[{"href":"https:\/\/mizoutcg.fr\/it\/wp-json\/wp\/v2\/pages"}],"about":[{"href":"https:\/\/mizoutcg.fr\/it\/wp-json\/wp\/v2\/types\/page"}],"author":[{"embeddable":true,"href":"https:\/\/mizoutcg.fr\/it\/wp-json\/wp\/v2\/users\/1"}],"replies":[{"embeddable":true,"href":"https:\/\/mizoutcg.fr\/it\/wp-json\/wp\/v2\/comments?post=7819"}],"version-history":[{"count":2,"href":"https:\/\/mizoutcg.fr\/it\/wp-json\/wp\/v2\/pages\/7819\/revisions"}],"predecessor-version":[{"id":11029,"href":"https:\/\/mizoutcg.fr\/it\/wp-json\/wp\/v2\/pages\/7819\/revisions\/11029"}],"wp:attachment":[{"href":"https:\/\/mizoutcg.fr\/it\/wp-json\/wp\/v2\/media?parent=7819"}],"curies":[{"name":"wp","href":"https:\/\/api.w.org\/{rel}","templated":true}]}}