{"id":7811,"date":"2025-04-01T01:40:44","date_gmt":"2025-03-31T23:40:44","guid":{"rendered":"https:\/\/mizoutcg.fr\/?page_id=7811"},"modified":"2025-10-22T22:30:06","modified_gmt":"2025-10-22T20:30:06","slug":"conditions-generales-ventes","status":"publish","type":"page","link":"https:\/\/mizoutcg.fr\/it\/conditions-generales-ventes\/","title":{"rendered":"Condizioni Generali di Vendita"},"content":{"rendered":"<div style=\"max-width: 1200px;margin: 0 auto;padding: 40px 20px;line-height: 1.8;text-align: justify;font-size: 16px\">\n\n<p style=\"text-align: right;margin-bottom: 40px;font-style: italic;color: #666\">Ultimo aggiornamento: 22\/10\/2025<\/p>\n\n<h1 style=\"text-align: center;margin-bottom: 40px;color: #2c3e50;font-size: 32px\">Condizioni Generali di Vendita<\/h1>\n\n<p style=\"margin-bottom: 30px\">Le presenti condizioni di vendita sono stipulate da una parte tra l'impresa MizouTCG, microimprenditore non soggetto a IVA, registrata con il numero SIRET 903 542 165 00019 e il cui indirizzo professionale \u00e8 situato al 26 rue Bastard Senaux 34320 Roujan, di seguito denominata \"MizouTCG\" e, dall'altra parte, qualsiasi persona fisica o giuridica che effettui un acquisto tramite il sito internet mizoutcg.fr, di seguito denominata \"il cliente\".<\/p>\n\n<h2 style=\"margin-top: 50px;margin-bottom: 20px;color: #2c3e50;font-size: 24px;border-bottom: 2px solid #3498db;padding-bottom: 10px\">Articolo 1. Oggetto<\/h2>\n<p style=\"margin-bottom: 20px\">Le presenti condizioni di vendita hanno lo scopo di stabilire i rapporti contrattuali tra MizouTCG e il cliente nonch\u00e9 le modalit\u00e0 applicabili a qualsiasi acquisto effettuato tramite il sito internet mizoutcg.fr. L'acquisto di un articolo su questo sito implica l'accettazione piena e completa da parte del cliente delle presenti condizioni di vendita, di cui riconosce di aver preso visione prima di effettuare l'ordine. Prima di qualsiasi transazione, il cliente dichiara da una parte che l'acquisto di prodotti sul sito mizoutcg.fr non ha alcun legame diretto con la sua attivit\u00e0 professionale ed \u00e8 limitato a un uso strettamente personale, e dall'altra parte che dispone della piena capacit\u00e0 giuridica che gli consente di impegnarsi secondo le presenti condizioni generali di vendita.<\/p>\n<p style=\"margin-bottom: 20px\">MizouTCG si riserva la possibilit\u00e0 di modificare in qualsiasi momento le presenti condizioni di vendita, al fine di conformarsi a qualsiasi nuova regolamentazione o con l'obiettivo di migliorare l'utilizzo del proprio sito. Di conseguenza, le condizioni applicabili saranno quelle in vigore alla data in cui il cliente effettua il proprio ordine.<\/p>\n\n<h2 style=\"margin-top: 50px;margin-bottom: 20px;color: #2c3e50;font-size: 24px;border-bottom: 2px solid #3498db;padding-bottom: 10px\">Articolo 2. Prodotti<\/h2>\n<p style=\"margin-bottom: 20px\">Gli articoli proposti sono quelli che figurano sul sito mizoutcg.fr, nei limiti delle scorte disponibili. MizouTCG si riserva il diritto di modificare in qualsiasi momento la gamma di prodotti proposti. Ogni articolo \u00e8 presentato sul sito internet con una descrizione che ne dettaglia le principali caratteristiche tecniche. Le immagini sono il pi\u00f9 fedeli possibile ma non impegnano in alcun modo il venditore, in particolare per quanto riguarda le sfumature esatte di colore.<\/p>\n\n<h2 style=\"margin-top: 50px;margin-bottom: 20px;color: #2c3e50;font-size: 24px;border-bottom: 2px solid #3498db;padding-bottom: 10px\">Articolo 3. Tariffe<\/h2>\n<p style=\"margin-bottom: 20px\">I prezzi indicati nelle schede prodotto del catalogo internet sono espressi in Euro (\u20ac) e sono netti, MizouTCG non essendo soggetto a IVA conformemente all'articolo 293 B del CGI (Codice Generale delle Imposte francese). MizouTCG si riserva il diritto di modificare i propri prezzi in qualsiasi momento, restando inteso che il prezzo esposto nel catalogo il giorno dell'ordine sar\u00e0 l'unico applicabile al cliente. I prezzi indicati non includono le spese di spedizione, che sono fatturate in aggiunta al prezzo dei prodotti acquistati in base all'importo totale dell'ordine.<\/p>\n\n<h2 style=\"margin-top: 50px;margin-bottom: 20px;color: #2c3e50;font-size: 24px;border-bottom: 2px solid #3498db;padding-bottom: 10px\">Articolo 4. Ordine e modalit\u00e0 di pagamento<\/h2>\n<p style=\"margin-bottom: 15px\">Prima di qualsiasi ordine, il cliente deve creare un account sul sito mizoutcg.fr. La sezione di creazione dell'account \u00e8 direttamente accessibile dal menu laterale. Ad ogni visita, il cliente, se desidera ordinare o consultare il proprio account (stato degli ordini, profilo\u2026), dovr\u00e0 identificarsi con le proprie informazioni personali. MizouTCG propone al cliente di ordinare e pagare i propri prodotti in pi\u00f9 fasi, con diverse opzioni di pagamento.<\/p>\n<p style=\"margin-bottom: 15px\">Il cliente seleziona i prodotti che desidera acquistare nel \"carrello\", li modifica se necessario (quantit\u00e0, riferimenti\u2026), verifica l'indirizzo di consegna o ne indica uno nuovo. Successivamente, le spese di spedizione vengono calcolate e presentate al cliente, cos\u00ec come il nome del corriere. Il cliente sceglie quindi il proprio metodo di pagamento preferito. La fase successiva gli consente di verificare l'insieme delle informazioni, di prendere visione e accettare le presenti condizioni generali di vendita spuntando la casella corrispondente, quindi di confermare il proprio ordine cliccando sul pulsante \"Conferma il mio ordine\".<\/p>\n<p style=\"margin-bottom: 15px\">Il cliente sceglie poi il proprio metodo di pagamento, in loco, PayPal o carta di credito. Per i pagamenti online, sar\u00e0 reindirizzato all'interfaccia sicura PayPal per inserire in tutta sicurezza le coordinate del proprio account PayPal o della propria carta di credito personale. Se il pagamento viene accettato, l'ordine \u00e8 registrato e il contratto definitivamente formato. Il pagamento tramite account PayPal o carta di credito \u00e8 irrevocabile.<\/p>\n<p style=\"margin-bottom: 15px\">La conferma di un ordine comporta l'accettazione delle presenti condizioni di vendita, il riconoscimento di averne perfetta conoscenza e la rinuncia ad avvalersi delle proprie condizioni di acquisto. L'insieme dei dati forniti e la conferma registrata costituiranno la prova della transazione. MizouTCG comunicher\u00e0 al cliente, tramite posta elettronica, la conferma della registrazione del suo ordine all'indirizzo fornito al momento della creazione dell'account cliente. Su richiesta del cliente, gli verr\u00e0 inviata una fattura in formato PDF.<\/p>\n<p style=\"margin-bottom: 20px\">Se il cliente desidera contattare MizouTCG, pu\u00f2 farlo via email al seguente indirizzo: <a href=\"mailto:mizoutcg34@gmail.com\" style=\"c","protected":false},"excerpt":{"rendered":"<p>Ultimo aggiornamento: 22\/10\/2025 Condizioni Generali di Vendita Le presenti condizioni di vendita sono stipulate da una parte tra l&#8217;impresa MizouTCG, microimprenditore non soggetto a IVA, registrata con il numero SIRET 903 542 165 00019 e il cui indirizzo professionale \u00e8 situato al 26 rue Bastard Senaux 34320 Roujan, di seguito denominata &#8220;MizouTCG&#8221; e, dall&#8217;altra parte, [&hellip;]<\/p>\n","protected":false},"author":1,"featured_media":0,"parent":0,"menu_order":0,"comment_status":"closed","ping_status":"closed","template":"","meta":{"_monsterinsights_skip_tracking":false,"_monsterinsights_sitenote_active":false,"_monsterinsights_sitenote_note":"","_monsterinsights_sitenote_category":0,"footnotes":""},"class_list":["post-7811","page","type-page","status-publish","hentry"],"_links":{"self":[{"href":"https:\/\/mizoutcg.fr\/it\/wp-json\/wp\/v2\/pages\/7811","targetHints":{"allow":["GET"]}}],"collection":[{"href":"https:\/\/mizoutcg.fr\/it\/wp-json\/wp\/v2\/pages"}],"about":[{"href":"https:\/\/mizoutcg.fr\/it\/wp-json\/wp\/v2\/types\/page"}],"author":[{"embeddable":true,"href":"https:\/\/mizoutcg.fr\/it\/wp-json\/wp\/v2\/users\/1"}],"replies":[{"embeddable":true,"href":"https:\/\/mizoutcg.fr\/it\/wp-json\/wp\/v2\/comments?post=7811"}],"version-history":[{"count":3,"href":"https:\/\/mizoutcg.fr\/it\/wp-json\/wp\/v2\/pages\/7811\/revisions"}],"predecessor-version":[{"id":11148,"href":"https:\/\/mizoutcg.fr\/it\/wp-json\/wp\/v2\/pages\/7811\/revisions\/11148"}],"wp:attachment":[{"href":"https:\/\/mizoutcg.fr\/it\/wp-json\/wp\/v2\/media?parent=7811"}],"curies":[{"name":"wp","href":"https:\/\/api.w.org\/{rel}","templated":true}]}}