{"id":7069,"date":"2024-12-15T13:54:55","date_gmt":"2024-12-15T12:54:55","guid":{"rendered":"https:\/\/mizoutcg.fr\/produit\/jeu-de-societe-jy-crois-pas-jeu-dambiance-et-de-bluff\/"},"modified":"2026-03-07T10:00:14","modified_gmt":"2026-03-07T09:00:14","slug":"jeu-de-societe-jy-crois-pas-jeu-dambiance-et-de-bluff","status":"publish","type":"product","link":"https:\/\/mizoutcg.fr\/es\/produit\/jeu-de-societe-jy-crois-pas-jeu-dambiance-et-de-bluff\/","title":{"rendered":"J'y Crois Pas - Juego de Mesa - Studio H Gigamic"},"content":{"rendered":"<h2>\ud83c\udfad \u00a1Descubre J'y Crois Pas, el juego que pone a prueba tu talento como farolero!<\/h2><p><strong>J'y Crois Pas<\/strong> es un <em>juego de ambiente y faroleo<\/em> creado por <strong>Studio H Gigamic<\/strong> que transformar\u00e1 tus veladas en momentos de risa y suspense. Este juego innovador mezcla <strong>conocimientos e improvisaci\u00f3n<\/strong>, \u00a1donde puedes ganar incluso respondiendo cualquier cosa!<\/p><h3>\ud83c\udccf Contenido de esta edici\u00f3n completa<\/h3><p>Esta caja contiene todo lo necesario para partidas memorables:<\/p><ul><li><strong>350 cartas de preguntas<\/strong> repartidas en 11 categor\u00edas tem\u00e1ticas<\/li><li><strong>130 fichas de victoria<\/strong> para contabilizar tus puntos<\/li><li><strong>8 fichas x2<\/strong> para duplicar tus ganancias<\/li><li><strong>1 reglamento<\/strong> claro e ilustrado<\/li><\/ul><p>Con sus <strong>350 preguntas delirantes<\/strong>, este juego ofrece una rejugabilidad excepcional. Cada partida ser\u00e1 diferente gracias a la diversidad de los temas abordados.<\/p><h3>\u2699\ufe0f Mec\u00e1nicas de juego y reglas<\/h3><p>El principio es diab\u00f3licamente simple y eficaz: en cada turno, un jugador llamado <strong>\"el C\u00e1ndido\"<\/strong> roba una carta de pregunta y se la plantea a los dem\u00e1s participantes. Los jugadores ven la respuesta correcta en el reverso de la carta, pero atenci\u00f3n: <em>la respuesta correcta solo debe darse una \u00fanica vez<\/em>.<\/p><p>Cada participante debe proponer una respuesta al C\u00e1ndido, quien intentar\u00e1 despu\u00e9s eliminar a los <strong>mentirosos<\/strong>. Si el C\u00e1ndido desenmascara a un farolero, este coloca uno de sus puntos en el centro de la mesa. Pero \u00a1cuidado con los errores! Si el C\u00e1ndido acusa por error a quien dio la respuesta correcta, lo pierde todo.<\/p><p>Esta mec\u00e1nica \u00fanica crea una tensi\u00f3n permanente entre <strong>verdad y mentira<\/strong>, donde los mejores actores y los psic\u00f3logos m\u00e1s finos triunfan.<\/p><h4>\ud83c\udfaf Caracter\u00edsticas t\u00e9cnicas<\/h4><ul><li><strong>N\u00famero de jugadores:<\/strong> de 4 a 8 participantes<\/li><li><strong>Edad recomendada:<\/strong> A part...","protected":false},"excerpt":{"rendered":"Juego de ambiente y faroleo de Studio H Gigamic donde cultura e improvisaci\u00f3n se mezclan para 4-8 jugadores a partir de 10 a\u00f1os, \u00a1con 350 preguntas disparatadas!","protected":false},"featured_media":8783,"menu_order":0,"template":"","meta":{"_monsterinsights_skip_tracking":false,"_monsterinsights_sitenote_active":false,"_monsterinsights_sitenote_note":"","_monsterinsights_sitenote_category":0},"product_brand":[132],"product_cat":[107,108],"product_tag":[],"product_extension":[],"class_list":{"0":"post-7069","1":"product","2":"type-product","3":"status-publish","4":"has-post-thumbnail","6":"product_brand-non-specifie","7":"product_cat-autres-root","8":"product_cat-jeux-de-societe-autres","10":"first","11":"instock","12":"shipping-taxable","13":"purchasable","14":"product-type-simple"},"_links":{"self":[{"href":"https:\/\/mizoutcg.fr\/es\/wp-json\/wp\/v2\/product\/7069","targetHints":{"allow":["GET"]}}],"collection":[{"href":"https:\/\/mizoutcg.fr\/es\/wp-json\/wp\/v2\/product"}],"about":[{"href":"https:\/\/mizoutcg.fr\/es\/wp-json\/wp\/v2\/types\/product"}],"wp:featuredmedia":[{"embeddable":true,"href":"https:\/\/mizoutcg.fr\/es\/wp-json\/wp\/v2\/media\/8783"}],"wp:attachment":[{"href":"https:\/\/mizoutcg.fr\/es\/wp-json\/wp\/v2\/media?parent=7069"}],"wp:term":[{"taxonomy":"product_brand","embeddable":true,"href":"https:\/\/mizoutcg.fr\/es\/wp-json\/wp\/v2\/product_brand?post=7069"},{"taxonomy":"product_cat","embeddable":true,"href":"https:\/\/mizoutcg.fr\/es\/wp-json\/wp\/v2\/product_cat?post=7069"},{"taxonomy":"product_tag","embeddable":true,"href":"https:\/\/mizoutcg.fr\/es\/wp-json\/wp\/v2\/product_tag?post=7069"},{"taxonomy":"product_extension","embeddable":true,"href":"https:\/\/mizoutcg.fr\/es\/wp-json\/wp\/v2\/product_extension?post=7069"}],"curies":[{"name":"wp","href":"https:\/\/api.w.org\/{rel}","templated":true}]}}