{"id":6723,"date":"2025-03-27T21:44:00","date_gmt":"2025-03-27T20:44:00","guid":{"rendered":"https:\/\/mizoutcg.fr\/produit\/bundle-magic-the-gathering-bloomburrow\/"},"modified":"2025-09-18T22:48:00","modified_gmt":"2025-09-18T20:48:00","slug":"bundle-magic-the-gathering-bloomburrow","status":"publish","type":"product","link":"https:\/\/mizoutcg.fr\/es\/produit\/bundle-magic-the-gathering-bloomburrow\/","title":{"rendered":"Bundle Bloomburrow &#8211; Magic The Gathering"},"content":{"rendered":"<h2>\ud83c\udf3e Descubre l&#8217;univers enchanteur de Bloomburrow<\/h2>\n<p>Plongez dans un monde fantastique miniature peupl\u00e9 de paysages pastoraux, de villages charmants et d&#8217;animaux magiques avec ce <strong>Bundle Bloomburrow (Bloomburrow)<\/strong> version fran\u00e7aise ! R\u00e9tr\u00e9cissez pour explorer une aventure \u00e9pique o\u00f9 le courage n&#8217;est pas une question de taille. Rejoignez les valeureux Sourisfolk, les ing\u00e9nieux Loutrefolk ou les myst\u00e9rieux Chauve-sourisfolk nocturnes dans leurs qu\u00eates pour restaurer l&#8217;\u00e9quilibre et la paix dans la Vall\u00e9e.<\/p>\n<h3>\ud83c\udccf Contenu complet de ce Bundle<\/h3>\n<p>Ce Bundle Bloomburrow fran\u00e7ais contient tout ce dont vous avez besoin pour d\u00e9couvrir cette extension magique :<\/p>\n<ul>\n<li><strong>9 boosters de jeu Bloomburrow<\/strong> (chacun contient 14 cartes Magic + 1 jeton\/carte art)<\/li>\n<li><strong>1 carte premium traditionnelle<\/strong> avec illustration alternative exclusive au Bundle<\/li>\n<li><strong>30 cartes de terrain<\/strong> : 15 premium traditionnelles (dont 5 terrains pleine illustration) + 15 non-premium (dont 5 terrains pleine illustration)<\/li>\n<li><strong>1 compteur de points de vie g\u00e9ant Spindown<\/strong> aux couleurs de l&#8217;extension<\/li>\n<li><strong>1 bo\u00eete de rangement<\/strong> pour organiser votre collection<\/li>\n<li><strong>2 cartes de r\u00e9f\u00e9rence<\/strong> pour ma\u00eetriser les m\u00e9caniques<\/li>\n<\/ul>\n<h3>\u2699\ufe0f Caract\u00e9ristiques techniques<\/h3>\n<p>Chaque booster de jeu contient une combinaison \u00e9quilibr\u00e9e de <strong>1 \u00e0 4 cartes rares ou mythiques<\/strong>, 3 \u00e0 5 cartes peu communes, 6 \u00e0 9 cartes communes et 1 carte de terrain. Une carte de n&#8217;importe quelle raret\u00e9 est premium traditionnelle, et dans 20% des boosters, la carte de terrain est \u00e9galement premium. Les 20 terrains pleine illustration pr\u00e9sentent les 4 saisons vues \u00e0 travers les yeux des petites cr\u00e9atures de la for\u00eat.<\/p>\n<h4>\ud83c\udfc6 Pour qui est-ce fait ?<\/h4>\n<p>Ce Bundle est id\u00e9al pour les joueurs souhaitant d\u00e9couvrir l&#8217;extension <strong>Bloomburrow<\/strong>, parfait pour le jeu en Draft, le jeu d\u00e9contract\u00e9 ou pour d\u00e9buter une collection. Les 10 arch\u00e9types d&#8217;animaux anthropomorphes offrent chacun un style de jeu distinct, permettant d&#8217;explorer diff\u00e9rentes strat\u00e9gies dans cet univers pastoral et magique unique \u00e0 Magic: The Gathering.<\/p>\n","protected":false},"excerpt":{"rendered":"Bundle Bloomburrow franc\u00e9s con 9 boosters, carta promo exclusiva, 30 tierras y accesorios para explorar el universo m\u00e1gico de los animales antropom\u00f3rficos.","protected":false},"featured_media":8701,"menu_order":0,"template":"","meta":{"_monsterinsights_skip_tracking":false,"_monsterinsights_sitenote_active":false,"_monsterinsights_sitenote_note":"","_monsterinsights_sitenote_category":0},"product_brand":[119],"product_cat":[79,64],"product_tag":[],"product_extension":[245],"class_list":{"0":"post-6723","1":"product","2":"type-product","3":"status-publish","4":"has-post-thumbnail","6":"product_brand-magic-the-gathering","7":"product_cat-bundle","8":"product_cat-magic-the-gathering","9":"product_extension-bloomburrow","11":"first","12":"outofstock","13":"shipping-taxable","14":"purchasable","15":"product-type-simple"},"_links":{"self":[{"href":"https:\/\/mizoutcg.fr\/es\/wp-json\/wp\/v2\/product\/6723","targetHints":{"allow":["GET"]}}],"collection":[{"href":"https:\/\/mizoutcg.fr\/es\/wp-json\/wp\/v2\/product"}],"about":[{"href":"https:\/\/mizoutcg.fr\/es\/wp-json\/wp\/v2\/types\/product"}],"wp:featuredmedia":[{"embeddable":true,"href":"https:\/\/mizoutcg.fr\/es\/wp-json\/wp\/v2\/media\/8701"}],"wp:attachment":[{"href":"https:\/\/mizoutcg.fr\/es\/wp-json\/wp\/v2\/media?parent=6723"}],"wp:term":[{"taxonomy":"product_brand","embeddable":true,"href":"https:\/\/mizoutcg.fr\/es\/wp-json\/wp\/v2\/product_brand?post=6723"},{"taxonomy":"product_cat","embeddable":true,"href":"https:\/\/mizoutcg.fr\/es\/wp-json\/wp\/v2\/product_cat?post=6723"},{"taxonomy":"product_tag","embeddable":true,"href":"https:\/\/mizoutcg.fr\/es\/wp-json\/wp\/v2\/product_tag?post=6723"},{"taxonomy":"product_extension","embeddable":true,"href":"https:\/\/mizoutcg.fr\/es\/wp-json\/wp\/v2\/product_extension?post=6723"}],"curies":[{"name":"wp","href":"https:\/\/api.w.org\/{rel}","templated":true}]}}