{"id":12664,"date":"2026-03-25T13:21:36","date_gmt":"2026-03-25T12:21:36","guid":{"rendered":"https:\/\/mizoutcg.fr\/produit\/bundle-les-secrets-de-strixhaven-magic-the-gathering\/"},"modified":"2026-04-27T15:42:09","modified_gmt":"2026-04-27T13:42:09","slug":"bundle-les-secrets-de-strixhaven-magic-the-gathering","status":"publish","type":"product","link":"https:\/\/mizoutcg.fr\/es\/produit\/bundle-les-secrets-de-strixhaven-magic-the-gathering\/","title":{"rendered":"Bundle Strixhaven: Escuela de Magos - Magic The Gathering"},"content":{"rendered":"<h2>Bundle Les Secrets de Strixhaven \u2013 Magic: The Gathering (FR)<\/h2>\n\nVuelve a sumergirte en la universidad de magia m\u00e1s c\u00e9lebre del Multiverso con el <strong>Bundle Les Secrets de Strixhaven<\/strong>. Esta nueva expansi\u00f3n nos lleva de vuelta al plano de Arcavios, en el coraz\u00f3n de las cinco facultades fundadas por los dragones ancestrales: <strong>Plumargent, Prismari, Fletrival, Doyen-Savoir y Quandrix<\/strong>. Pero esta vez, los secretos mejor guardados de Strixhaven salen a la superficie\u2026\n\n<h3>Contenido del Bundle<\/h3>\n\n<ul>\n  <li><strong>9 Play Boosters<\/strong> Les Secrets de Strixhaven (14 cartas por Booster, con al menos 1 carta Premium tradicional garantizada y la posibilidad de obtener varias raras)<\/li>\n  <li><strong>1 carta promocional Premium tradicional<\/strong> con una ilustraci\u00f3n alternativa exclusiva del Bundle<\/li>\n  <li><strong>30 cartas de tierra<\/strong>: 15 Premium tradicionales (5 de ellas a ilustraci\u00f3n completa) + 15 no Premium (5 de ellas a ilustraci\u00f3n completa)<\/li>\n  <li><strong>1 contador de vida Spindown gigante<\/strong> tem\u00e1tico<\/li>\n  <li><strong>1 caja de almacenamiento<\/strong> ilustrada de Les Secrets de Strixhaven<\/li>\n  <li><strong>2 fichas de referencia<\/strong><\/li>\n<\/ul>\n\n<h3>\u00bfPor qu\u00e9 elegir este Bundle?<\/h3>\n\nEl Bundle es el <strong>punto de entrada ideal<\/strong> para descubrir una nueva expansi\u00f3n de Magic. Con sus 9 Play Boosters, dispones de cartas suficientes para construir tus primeros mazos, organizar un Sealed entre amigos o, simplemente, ampliar tu colecci\u00f3n. La carta promocional exclusiva y las tierras a ilustraci\u00f3n completa lo convierten tambi\u00e9n en un producto muy apreciado por los coleccionistas.\n\n<h3>El universo de Les Secrets de Strixhaven<\/h3>\n\nStrixhaven, la universidad de magia del plano de Arcavios, regresa con una trama m\u00e1s oscura y misteriosa. Cada facultad explora el conflicto entre dos colores de man\u00e1 opuestos, con <strong>nuevas mec\u00e1nicas exclusivas<\/strong>: R\u00e9plica para Plumargent, Opus para Prismari, y mucho m\u00e1s...","protected":false},"excerpt":{"rendered":"Este Bundle contiene 9 boosters de juego Strixhaven: Escuela de Magos, adem\u00e1s de 1 carta Premium tradicional con una ilustraci\u00f3n alternativa exclusiva del Bundle, 15 cartas de tierra Premium tradicionales (5 con ilustraci\u00f3n completa) y 15 cartas de tierra no-Premium (5 con ilustraci\u00f3n completa), 1 com","protected":false},"featured_media":12666,"menu_order":0,"template":"","meta":{"_monsterinsights_skip_tracking":false,"_monsterinsights_sitenote_active":false,"_monsterinsights_sitenote_note":"","_monsterinsights_sitenote_category":0},"product_brand":[],"product_cat":[79,64],"product_tag":[],"product_extension":[312],"class_list":{"0":"post-12664","1":"product","2":"type-product","3":"status-publish","4":"has-post-thumbnail","6":"product_cat-bundle","7":"product_cat-magic-the-gathering","8":"product_extension-les-secrets-de-strixhaven","10":"first","11":"instock","12":"shipping-taxable","13":"purchasable","14":"product-type-simple"},"_links":{"self":[{"href":"https:\/\/mizoutcg.fr\/es\/wp-json\/wp\/v2\/product\/12664","targetHints":{"allow":["GET"]}}],"collection":[{"href":"https:\/\/mizoutcg.fr\/es\/wp-json\/wp\/v2\/product"}],"about":[{"href":"https:\/\/mizoutcg.fr\/es\/wp-json\/wp\/v2\/types\/product"}],"wp:featuredmedia":[{"embeddable":true,"href":"https:\/\/mizoutcg.fr\/es\/wp-json\/wp\/v2\/media\/12666"}],"wp:attachment":[{"href":"https:\/\/mizoutcg.fr\/es\/wp-json\/wp\/v2\/media?parent=12664"}],"wp:term":[{"taxonomy":"product_brand","embeddable":true,"href":"https:\/\/mizoutcg.fr\/es\/wp-json\/wp\/v2\/product_brand?post=12664"},{"taxonomy":"product_cat","embeddable":true,"href":"https:\/\/mizoutcg.fr\/es\/wp-json\/wp\/v2\/product_cat?post=12664"},{"taxonomy":"product_tag","embeddable":true,"href":"https:\/\/mizoutcg.fr\/es\/wp-json\/wp\/v2\/product_tag?post=12664"},{"taxonomy":"product_extension","embeddable":true,"href":"https:\/\/mizoutcg.fr\/es\/wp-json\/wp\/v2\/product_extension?post=12664"}],"curies":[{"name":"wp","href":"https:\/\/api.w.org\/{rel}","templated":true}]}}