{"id":12660,"date":"2026-03-25T13:19:32","date_gmt":"2026-03-25T12:19:32","guid":{"rendered":"https:\/\/mizoutcg.fr\/produit\/display-les-secrets-de-strixhaven-magic-the-gathering\/"},"modified":"2026-04-27T14:37:39","modified_gmt":"2026-04-27T12:37:39","slug":"display-les-secrets-de-strixhaven-magic-the-gathering","status":"publish","type":"product","link":"https:\/\/mizoutcg.fr\/es\/produit\/display-les-secrets-de-strixhaven-magic-the-gathering\/","title":{"rendered":"Display Strixhaven: Escuela de Magos - Magic The Gathering"},"content":{"rendered":"<h2>Display Les Secrets de Strixhaven - 30 Play Boosters Magic The Gathering<\/h2>\n\nRedescubre el universo m\u00e1gico de la Universidad de Strixhaven con <strong>Les Secrets de Strixhaven<\/strong> (<em>Secrets of Strixhaven<\/em>), la 111\u00aa expansi\u00f3n de Magic: The Gathering prevista para el <strong>24 de abril de 2026<\/strong>. Este Display contiene <strong>30 Play Boosters<\/strong> en versi\u00f3n francesa, ideal para organizar drafts entre amigos, ampliar tu colecci\u00f3n o descubrir los tesoros ocultos de esta tan esperada expansi\u00f3n.\n\n<h2>El universo de Les Secrets de Strixhaven<\/h2>\n\nLa expansi\u00f3n nos lleva de vuelta al plano de Arcavios, en el coraz\u00f3n de la prestigiosa <strong>Universidad de Strixhaven<\/strong>. Esta vez, la historia va m\u00e1s all\u00e1 de los muros de la escuela: los antiguos estudiantes como <strong>Killian Lu<\/strong>, <strong>Dina<\/strong> y <strong>Rootha<\/strong> se han graduado y ahora ponen su magia en pr\u00e1ctica en el mundo exterior. Paralelamente, cinco nuevos estudiantes hacen su entrada y eligen su colegio entre las cinco grandes casas:\n\n<ul>\n<li><strong>Lorehold<\/strong> \u2014 Arqueolog\u00eda e historia m\u00e1gica<\/li>\n<li><strong>Prismari<\/strong> \u2014 Arte elemental y expresi\u00f3n creativa<\/li>\n<li><strong>Quandrix<\/strong> \u2014 Matem\u00e1ticas y fractales de man\u00e1<\/li>\n<li><strong>Silverquill<\/strong> \u2014 Elocuencia y magia de las palabras<\/li>\n<li><strong>Witherbloom<\/strong> \u2014 Ciencias de la vida y de la muerte<\/li>\n<\/ul>\n\n<h2>Contenido del Display (30 Play Boosters)<\/h2>\n\nCada Display contiene <strong>30 Play Boosters<\/strong>, lo que supone un total de m\u00e1s de <strong>420 cartas<\/strong>. Cada Play Booster incluye:\n\n<ul>\n<li><strong>1 a 5 cartas raras o m\u00edticas<\/strong><\/li>\n<li><strong>3 a 6 cartas infrecuentes<\/strong><\/li>\n<li><strong>5 a 8 cartas comunes<\/strong><\/li>\n<li><strong>1 tierra b\u00e1sica<\/strong><\/li>\n<li><strong>1 carta Mystical Archive<\/strong> garantizada por booster<\/li>\n<li>Posibilidad de <strong>cartas premium tradicionales en foil<\/strong><\/li>\n<\/ul>\n\nUn Display de 30 ...","protected":false},"excerpt":{"rendered":"Caja de boosters de juego Strixhaven: Escuela de Magos con 30 boosters de juego Magic: The Gathering. Cada booster contiene 1 a 5 raras\/m\u00edticas, 3 a 6 infrecuentes, 5 a 8 comunes y 1 tierra. Algunos packs contienen impresiones premium tradicionales y m\u00edticas raras sin borde","protected":false},"featured_media":12670,"menu_order":0,"template":"","meta":{"_monsterinsights_skip_tracking":false,"_monsterinsights_sitenote_active":false,"_monsterinsights_sitenote_note":"","_monsterinsights_sitenote_category":0},"product_brand":[],"product_cat":[72,64],"product_tag":[],"product_extension":[312],"class_list":{"0":"post-12660","1":"product","2":"type-product","3":"status-publish","4":"has-post-thumbnail","6":"product_cat-boite-de-boosters","7":"product_cat-magic-the-gathering","8":"product_extension-les-secrets-de-strixhaven","10":"first","11":"instock","12":"shipping-taxable","13":"purchasable","14":"product-type-simple"},"_links":{"self":[{"href":"https:\/\/mizoutcg.fr\/es\/wp-json\/wp\/v2\/product\/12660","targetHints":{"allow":["GET"]}}],"collection":[{"href":"https:\/\/mizoutcg.fr\/es\/wp-json\/wp\/v2\/product"}],"about":[{"href":"https:\/\/mizoutcg.fr\/es\/wp-json\/wp\/v2\/types\/product"}],"wp:featuredmedia":[{"embeddable":true,"href":"https:\/\/mizoutcg.fr\/es\/wp-json\/wp\/v2\/media\/12670"}],"wp:attachment":[{"href":"https:\/\/mizoutcg.fr\/es\/wp-json\/wp\/v2\/media?parent=12660"}],"wp:term":[{"taxonomy":"product_brand","embeddable":true,"href":"https:\/\/mizoutcg.fr\/es\/wp-json\/wp\/v2\/product_brand?post=12660"},{"taxonomy":"product_cat","embeddable":true,"href":"https:\/\/mizoutcg.fr\/es\/wp-json\/wp\/v2\/product_cat?post=12660"},{"taxonomy":"product_tag","embeddable":true,"href":"https:\/\/mizoutcg.fr\/es\/wp-json\/wp\/v2\/product_tag?post=12660"},{"taxonomy":"product_extension","embeddable":true,"href":"https:\/\/mizoutcg.fr\/es\/wp-json\/wp\/v2\/product_extension?post=12660"}],"curies":[{"name":"wp","href":"https:\/\/api.w.org\/{rel}","templated":true}]}}