{"id":11340,"date":"2025-11-20T14:22:23","date_gmt":"2025-11-20T13:22:23","guid":{"rendered":"https:\/\/mizoutcg.fr\/?post_type=product&#038;p=11340"},"modified":"2026-03-07T12:12:44","modified_gmt":"2026-03-07T11:12:44","slug":"booster-collector-avatar-fr-magic-the-gathering","status":"publish","type":"product","link":"https:\/\/mizoutcg.fr\/es\/produit\/booster-collector-avatar-fr-magic-the-gathering\/","title":{"rendered":"Booster Collector Avatar La Leyenda de Aang - Magic The Gathering"},"content":{"rendered":"<h2>\ud83c\udf0c Sum\u00e9rgete en el universo de Avatar: El \u00daltimo Maestro del Aire<\/h2>\n\u00a1Descubre la expansi\u00f3n <strong>Avatar: El \u00daltimo Maestro del Aire (Avatar: The Last Airbender)<\/strong> con este <strong>Collector Booster<\/strong> en versi\u00f3n francesa! Esta colaboraci\u00f3n \u00fanica entre <strong>Magic: The Gathering<\/strong> y la m\u00edtica serie animada te ofrece una experiencia de coleccionismo excepcional con cartas premium e ilustraciones exclusivas.\n<h3>\ud83c\udccf Contenido del Collector Booster<\/h3>\nCada Collector Booster contiene <strong>15 cartas Magic: The Gathering<\/strong> cuidadosamente seleccionadas:\n<ul>\n \t<li><strong>5 cartas raras o raras m\u00edticas<\/strong> para enriquecer tu colecci\u00f3n<\/li>\n \t<li><strong>4 cartas poco comunes<\/strong> con mec\u00e1nicas interesantes<\/li>\n \t<li><strong>5 cartas comunes<\/strong> para completar tus mazos<\/li>\n \t<li><strong>1 tierra b\u00e1sica con ilustraci\u00f3n panor\u00e1mica<\/strong><\/li>\n \t<li>Un total de <strong>12 a 14 cartas premium tradicionales<\/strong> por booster<\/li>\n<\/ul>\n<h3>\u2728 Cartas exclusivas y tratamientos especiales<\/h3>\nLos Collector Boosters son los <em>\u00fanicos boosters<\/em> que pueden contener cartas con tratamientos premium ultra raros. Podr\u00e1s descubrir las <strong>cartas Source Material<\/strong> extra\u00eddas directamente de la serie, as\u00ed como las espectaculares <strong>cartas Battle Pose borderless en tinta ne\u00f3n<\/strong> que muestran a tus personajes favoritos en poses din\u00e1micas.\n\nCon un poco de suerte, podr\u00e1s incluso conseguir una <strong>carta Avatar Aang en relieve (raised foil)<\/strong> ilustrada por Bryan Konietzko, \u00a1uno de los creadores de la serie! Esta carta ultra rara aparece en menos del 1 % de los boosters.\n<h3>\ud83c\udfad \u00bfPara qui\u00e9n est\u00e1 pensado?<\/h3>\nEste Collector Booster est\u00e1 dirigido a los <strong>coleccionistas apasionados<\/strong> y a los fans de Avatar que buscan las versiones m\u00e1s prestigiosas de las cartas. Con sus m\u00faltiples cartas premium y sus ilustraciones exclusivas, es el producto ideal...","protected":false},"excerpt":{"rendered":"Booster Collector Avatar en franc\u00e9s con 15 cartas, incluyendo 5 raras\/m\u00edticas y 12-14 cartas premium. \u00a1Descubre las cartas exclusivas del universo de Avatar: La Leyenda de Aang!","protected":false},"featured_media":11364,"menu_order":0,"template":"","meta":{"_monsterinsights_skip_tracking":false,"_monsterinsights_sitenote_active":false,"_monsterinsights_sitenote_note":"","_monsterinsights_sitenote_category":0},"product_brand":[119],"product_cat":[106,64],"product_tag":[],"product_extension":[],"class_list":{"0":"post-11340","1":"product","2":"type-product","3":"status-publish","4":"has-post-thumbnail","6":"product_brand-magic-the-gathering","7":"product_cat-booster-collector-a-lunite","8":"product_cat-magic-the-gathering","10":"first","11":"instock","12":"shipping-taxable","13":"purchasable","14":"product-type-simple"},"_links":{"self":[{"href":"https:\/\/mizoutcg.fr\/es\/wp-json\/wp\/v2\/product\/11340","targetHints":{"allow":["GET"]}}],"collection":[{"href":"https:\/\/mizoutcg.fr\/es\/wp-json\/wp\/v2\/product"}],"about":[{"href":"https:\/\/mizoutcg.fr\/es\/wp-json\/wp\/v2\/types\/product"}],"wp:featuredmedia":[{"embeddable":true,"href":"https:\/\/mizoutcg.fr\/es\/wp-json\/wp\/v2\/media\/11364"}],"wp:attachment":[{"href":"https:\/\/mizoutcg.fr\/es\/wp-json\/wp\/v2\/media?parent=11340"}],"wp:term":[{"taxonomy":"product_brand","embeddable":true,"href":"https:\/\/mizoutcg.fr\/es\/wp-json\/wp\/v2\/product_brand?post=11340"},{"taxonomy":"product_cat","embeddable":true,"href":"https:\/\/mizoutcg.fr\/es\/wp-json\/wp\/v2\/product_cat?post=11340"},{"taxonomy":"product_tag","embeddable":true,"href":"https:\/\/mizoutcg.fr\/es\/wp-json\/wp\/v2\/product_tag?post=11340"},{"taxonomy":"product_extension","embeddable":true,"href":"https:\/\/mizoutcg.fr\/es\/wp-json\/wp\/v2\/product_extension?post=11340"}],"curies":[{"name":"wp","href":"https:\/\/api.w.org\/{rel}","templated":true}]}}