{"id":11156,"date":"2025-10-22T22:54:26","date_gmt":"2025-10-22T20:54:26","guid":{"rendered":"https:\/\/mizoutcg.fr\/produit\/booster-a-lunite-draft-tous-phyrexians\/"},"modified":"2026-01-05T11:47:30","modified_gmt":"2026-01-05T10:47:30","slug":"booster-a-lunite-draft-tous-phyrexians","status":"publish","type":"product","link":"https:\/\/mizoutcg.fr\/es\/produit\/booster-a-lunite-draft-tous-phyrexians\/","title":{"rendered":"Booster Draft Todos Phyrexianos - Magic The Gathering"},"content":{"rendered":"<h2>\ud83c\udf0c Sum\u00e9rgete en el coraz\u00f3n de la guerra contra Nueva Phyrexia<\/h2>\n\n<p>Descubre la expansi\u00f3n <strong>Phyrexia: All Will Be One<\/strong>, que marca el primer regreso de Magic a Nueva Phyrexia en una batalla \u00e9pica por el destino del Multiverso. Este \u00fanico <strong>Draft Booster en franc\u00e9s<\/strong> te ofrece 15 cartas cuidadosamente seleccionadas para enriquecer tu colecci\u00f3n o construir tus mazos competitivos.<\/p>\n\n<h3>\ud83c\udccf Contenido de este Draft Booster<\/h3>\n\n<p>Cada <strong>Draft Booster Phyrexia: All Will Be One<\/strong> contiene exactamente:<\/p>\n\n<ul>\n<li><strong>1 carta rara o m\u00edtica rara<\/strong> para reforzar tus estrategias<\/li>\n<li><strong>3 cartas infrecuentes<\/strong> con mec\u00e1nicas interesantes<\/li>\n<li><strong>10 cartas comunes<\/strong> esenciales para el draft<\/li>\n<li><strong>1 carta de tierra b\u00e1sica<\/strong> (tierra panor\u00e1mica full art en el 67% de los Boosters, o tierra phyrexianizada en el 33% de los casos)<\/li>\n<li><strong>1 ficha\/carta publicitaria<\/strong><\/li>\n<li><strong>Posibilidad de carta foil<\/strong> de cualquier rareza reemplazando a una com\u00fan en el 33% de los Boosters<\/li>\n<\/ul>\n\n<h3>\u2699\ufe0f Mec\u00e1nicas innovadoras de la expansi\u00f3n<\/h3>\n\n<p>Phyrexia: All Will Be One introduce <strong>mec\u00e1nicas de juego revolucionarias<\/strong> que cambian las reglas del juego:<\/p>\n\n<p><strong>T\u00f3xico<\/strong>: Esta mec\u00e1nica marca el regreso de los temibles contadores de veneno, ofreciendo una condici\u00f3n de victoria alternativa que no debes pasar por alto. Envenena a tus adversarios para eliminarlos de otra forma que no sea reducir sus puntos de vida a cero.<\/p>\n\n<p><strong>Corrompido<\/strong>: Aprovecha los contadores de veneno de tus adversarios para desencadenar efectos devastadores. Cuanto m\u00e1s envenenados est\u00e9n tus enemigos, m\u00e1s poderosas se vuelven tus criaturas corrompidas.<\/p>\n\n<p><strong>\u00a1Por Mirrodin!<\/strong>: Encarna la resistencia mirrana frente a la invasi\u00f3n phyrexiana con habilidades que se activan en el momento adecuado.<\/p>\n\n<p><strong>Proliferar<\/strong>: Esta mec\u00e1nica hace su ...","protected":false},"excerpt":{"rendered":"Booster draft Todos Phyrexianos en franc\u00e9s con 15 cartas, incluyendo 1 rara\/m\u00edtica, 3 infrecuentes y 10 comunes. \u00a1Descubre las mec\u00e1nicas T\u00f3xico y Corrompido!","protected":false},"featured_media":11181,"menu_order":0,"template":"","meta":{"_monsterinsights_skip_tracking":false,"_monsterinsights_sitenote_active":false,"_monsterinsights_sitenote_note":"","_monsterinsights_sitenote_category":0},"product_brand":[119],"product_cat":[82,64],"product_tag":[],"product_extension":[252],"class_list":{"0":"post-11156","1":"product","2":"type-product","3":"status-publish","4":"has-post-thumbnail","6":"product_brand-magic-the-gathering","7":"product_cat-booster-a-lunite","8":"product_cat-magic-the-gathering","9":"product_extension-tous-phyrexians","11":"first","12":"outofstock","13":"shipping-taxable","14":"purchasable","15":"product-type-simple"},"_links":{"self":[{"href":"https:\/\/mizoutcg.fr\/es\/wp-json\/wp\/v2\/product\/11156","targetHints":{"allow":["GET"]}}],"collection":[{"href":"https:\/\/mizoutcg.fr\/es\/wp-json\/wp\/v2\/product"}],"about":[{"href":"https:\/\/mizoutcg.fr\/es\/wp-json\/wp\/v2\/types\/product"}],"wp:featuredmedia":[{"embeddable":true,"href":"https:\/\/mizoutcg.fr\/es\/wp-json\/wp\/v2\/media\/11181"}],"wp:attachment":[{"href":"https:\/\/mizoutcg.fr\/es\/wp-json\/wp\/v2\/media?parent=11156"}],"wp:term":[{"taxonomy":"product_brand","embeddable":true,"href":"https:\/\/mizoutcg.fr\/es\/wp-json\/wp\/v2\/product_brand?post=11156"},{"taxonomy":"product_cat","embeddable":true,"href":"https:\/\/mizoutcg.fr\/es\/wp-json\/wp\/v2\/product_cat?post=11156"},{"taxonomy":"product_tag","embeddable":true,"href":"https:\/\/mizoutcg.fr\/es\/wp-json\/wp\/v2\/product_tag?post=11156"},{"taxonomy":"product_extension","embeddable":true,"href":"https:\/\/mizoutcg.fr\/es\/wp-json\/wp\/v2\/product_extension?post=11156"}],"curies":[{"name":"wp","href":"https:\/\/api.w.org\/{rel}","templated":true}]}}