{"id":11119,"date":"2025-10-20T22:09:46","date_gmt":"2025-10-20T20:09:46","guid":{"rendered":"https:\/\/mizoutcg.fr\/produit\/thunder-junction-fr-bundle\/"},"modified":"2026-03-07T12:11:39","modified_gmt":"2026-03-07T11:11:39","slug":"thunder-junction-fr-bundle","status":"publish","type":"product","link":"https:\/\/mizoutcg.fr\/es\/produit\/thunder-junction-fr-bundle\/","title":{"rendered":"Bundle Los Forajidos de Cuadrillazo - Magic The Gathering"},"content":{"rendered":"<h2>\ud83e\udd20 Sum\u00e9rgete en el universo western de Thunder Junction<\/h2>\nDescubre el <strong>Bundle Outlaws of Thunder Junction<\/strong> (Outlaws of Thunder Junction), una expansi\u00f3n de Magic: The Gathering que te transporta a un mundo fronterizo in\u00e9dito, totalmente inspirado en los westerns. En este plano salvaje, forajidos notorios y famosos villanos del universo Magic se han dado cita para duelos \u00e9picos y la conquista de nuevas riquezas. Esta expansi\u00f3n en franc\u00e9s ofrece mec\u00e1nicas innovadoras y un ambiente \u00fanico que seducir\u00e1 tanto a coleccionistas como a jugadores competitivos.\n\nEste Bundle constituye el formato ideal para <strong>empezar o enriquecer tu colecci\u00f3n<\/strong> de la expansi\u00f3n. Con sus 9 Play Boosters y sus numerosos accesorios exclusivos, ofrece una excelente relaci\u00f3n calidad-precio para los fans de Magic deseosos de sumergirse en esta nueva aventura western. Las magn\u00edficas ilustraciones capturan perfectamente el ambiente del Lejano Oeste revisado por Magic, con paisajes des\u00e9rticos espectaculares y personajes muy pintorescos.\n<h3>\ud83c\udf81 Contenido completo del Bundle<\/h3>\nEsta caja generosa contiene todo lo necesario para comenzar tu aventura en Thunder Junction:\n<ul>\n \t<li><strong>9 Play Boosters<\/strong> de Outlaws of Thunder Junction, cada uno con 14 cartas Magic m\u00e1s 1 ficha o carta promocional<\/li>\n \t<li><strong>1 carta Premium tradicional<\/strong> con ilustraci\u00f3n alternativa exclusiva del Bundle, imposible de encontrar en otro lugar<\/li>\n \t<li><strong>15 tierras b\u00e1sicas Premium tradicionales<\/strong>, incluyendo 5 tierras Western a p\u00e1gina completa con un estilo art\u00edstico impresionante<\/li>\n \t<li><strong>15 tierras b\u00e1sicas no-Premium<\/strong>, incluyendo tambi\u00e9n 5 tierras Western a p\u00e1gina completa para completar tus mazos<\/li>\n \t<li><strong>1 contador de puntos de vida Spindown gigante<\/strong> con los colores de la expansi\u00f3n, perfecto para llevar la cuenta de tus puntos de vida con estilo<\/li>\n \t<li><strong>1 caja de almacenamiento resistente<\/...","protected":false},"excerpt":{"rendered":"Bundle Los Forajidos de Cuadrillazo: 9 boosters Play, 1 carta promo exclusiva, 30 tierras incluyendo 10 Premium Western, contador gigante y caja de almacenamiento!","protected":false},"featured_media":11139,"menu_order":0,"template":"","meta":{"_monsterinsights_skip_tracking":false,"_monsterinsights_sitenote_active":false,"_monsterinsights_sitenote_note":"","_monsterinsights_sitenote_category":0},"product_brand":[119],"product_cat":[79,64],"product_tag":[],"product_extension":[239],"class_list":{"0":"post-11119","1":"product","2":"type-product","3":"status-publish","4":"has-post-thumbnail","6":"product_brand-magic-the-gathering","7":"product_cat-bundle","8":"product_cat-magic-the-gathering","9":"product_extension-les-hors-la-loi-de-croisetonnerre","11":"first","12":"outofstock","13":"shipping-taxable","14":"purchasable","15":"product-type-simple"},"_links":{"self":[{"href":"https:\/\/mizoutcg.fr\/es\/wp-json\/wp\/v2\/product\/11119","targetHints":{"allow":["GET"]}}],"collection":[{"href":"https:\/\/mizoutcg.fr\/es\/wp-json\/wp\/v2\/product"}],"about":[{"href":"https:\/\/mizoutcg.fr\/es\/wp-json\/wp\/v2\/types\/product"}],"wp:featuredmedia":[{"embeddable":true,"href":"https:\/\/mizoutcg.fr\/es\/wp-json\/wp\/v2\/media\/11139"}],"wp:attachment":[{"href":"https:\/\/mizoutcg.fr\/es\/wp-json\/wp\/v2\/media?parent=11119"}],"wp:term":[{"taxonomy":"product_brand","embeddable":true,"href":"https:\/\/mizoutcg.fr\/es\/wp-json\/wp\/v2\/product_brand?post=11119"},{"taxonomy":"product_cat","embeddable":true,"href":"https:\/\/mizoutcg.fr\/es\/wp-json\/wp\/v2\/product_cat?post=11119"},{"taxonomy":"product_tag","embeddable":true,"href":"https:\/\/mizoutcg.fr\/es\/wp-json\/wp\/v2\/product_tag?post=11119"},{"taxonomy":"product_extension","embeddable":true,"href":"https:\/\/mizoutcg.fr\/es\/wp-json\/wp\/v2\/product_extension?post=11119"}],"curies":[{"name":"wp","href":"https:\/\/api.w.org\/{rel}","templated":true}]}}