{"id":10536,"date":"2025-09-03T15:15:11","date_gmt":"2025-09-03T13:15:11","guid":{"rendered":"https:\/\/mizoutcg.fr\/?post_type=product&#038;p=10536"},"modified":"2025-11-07T11:03:29","modified_gmt":"2025-11-07T10:03:29","slug":"super-crazy-rhythm-castle-multilingue-konami","status":"publish","type":"product","link":"https:\/\/mizoutcg.fr\/es\/produit\/super-crazy-rhythm-castle-multilingue-konami\/","title":{"rendered":"Super Crazy Rhythm Castle - Multiling\u00fce - Konami"},"content":{"rendered":"<h2>\ud83c\udfad Una aventura r\u00edtmica desenfrenada en Nintendo Switch<\/h2>\n\n<p><strong>Super Crazy Rhythm Castle<\/strong> es un juego de ritmo cooperativo totalmente delirante desarrollado por Second Impact Games y editado por <strong>Konami Digital Entertainment<\/strong>. Este puzle musical revolucionario te sumerge en un castillo r\u00edtmico donde lo imposible se vuelve posible.<\/p>\n\n<h3>\ud83c\udff0 Explora el Castillo del Rey Ferdinand<\/h3>\n\n<p>Enfr\u00e9ntate al rey Ferdinand, completamente desatado, en su castillo surrealista repleto de <em>pasillos de pianos<\/em>, escaleras imposibles al estilo Escher, ojos gigantes e incluso una secci\u00f3n entera hecha de... \u00a1carne! Prep\u00e1rate para vivir desaf\u00edos totalmente <strong>locos<\/strong>: lanzar jud\u00edas en un ritual de invocaci\u00f3n antiguo, hacer callar a un DJ berenjena gigante, o cubrir de salsa a diminutos personajes de carne, \u00a1todo ello sin perder el ritmo!<\/p>\n\n<h3>\ud83c\udfb5 M\u00e1s de 30 pistas musicales electrizantes<\/h3>\n\n<p>Descubre una <strong>mezcla musical ecl\u00e9ctica<\/strong> con m\u00e1s de 30 temas + pistas ocultas: rock pegadizo, hip-hop vibrante, dubstep en\u00e9rgico y muchos otros g\u00e9neros musicales. Cada desaf\u00edo musical te exigir\u00e1 hacer malabares entre la jugabilidad r\u00edtmica y la resoluci\u00f3n de complejos enigmas.<\/p>\n\n<h4>\u2699\ufe0f Modos de juego y caracter\u00edsticas<\/h4>\n\n<p>Juega <strong>solo<\/strong> o en <strong>cooperativo hasta 4 jugadores<\/strong> (local y en l\u00ednea). El juego propone modos de 3 o 4 botones seg\u00fan tu nivel, \u00a1e incluso puedes dejar que un amigo gestione la m\u00fasica mientras t\u00fa te concentras en los enigmas! Compatible con el mando Pro de Nintendo Switch y jugable en modo TV, port\u00e1til y sobremesa.<\/p>\n\n<h3>\ud83c\udf0d Versi\u00f3n multiling\u00fce completa<\/h3>\n\n<p>Esta edici\u00f3n europea del juego es compatible con <strong>11 idiomas<\/strong> incluyendo franc\u00e9s, ingl\u00e9s, espa\u00f1ol, alem\u00e1n, italiano, japon\u00e9s, portugu\u00e9s, ruso, coreano y chino. \u00a1Una accesibilidad total para todos los jugadores hispanohablantes!<\/p>...","protected":false},"excerpt":{"rendered":"\u00a1Juego de ritmo cooperativo delirante para Nintendo Switch! Explora el castillo del Rey Ferdinand con hasta 4 jugadores y m\u00e1s de 30 pistas musicales locas.","protected":false},"featured_media":10560,"menu_order":0,"template":"","meta":{"_monsterinsights_skip_tracking":false,"_monsterinsights_sitenote_active":false,"_monsterinsights_sitenote_note":"","_monsterinsights_sitenote_category":0},"product_brand":[117],"product_cat":[107,110],"product_tag":[],"product_extension":[],"class_list":{"0":"post-10536","1":"product","2":"type-product","3":"status-publish","4":"has-post-thumbnail","6":"product_brand-konami","7":"product_cat-autres-root","8":"product_cat-jeux-video-autres","10":"first","11":"instock","12":"shipping-taxable","13":"purchasable","14":"product-type-simple"},"_links":{"self":[{"href":"https:\/\/mizoutcg.fr\/es\/wp-json\/wp\/v2\/product\/10536","targetHints":{"allow":["GET"]}}],"collection":[{"href":"https:\/\/mizoutcg.fr\/es\/wp-json\/wp\/v2\/product"}],"about":[{"href":"https:\/\/mizoutcg.fr\/es\/wp-json\/wp\/v2\/types\/product"}],"wp:featuredmedia":[{"embeddable":true,"href":"https:\/\/mizoutcg.fr\/es\/wp-json\/wp\/v2\/media\/10560"}],"wp:attachment":[{"href":"https:\/\/mizoutcg.fr\/es\/wp-json\/wp\/v2\/media?parent=10536"}],"wp:term":[{"taxonomy":"product_brand","embeddable":true,"href":"https:\/\/mizoutcg.fr\/es\/wp-json\/wp\/v2\/product_brand?post=10536"},{"taxonomy":"product_cat","embeddable":true,"href":"https:\/\/mizoutcg.fr\/es\/wp-json\/wp\/v2\/product_cat?post=10536"},{"taxonomy":"product_tag","embeddable":true,"href":"https:\/\/mizoutcg.fr\/es\/wp-json\/wp\/v2\/product_tag?post=10536"},{"taxonomy":"product_extension","embeddable":true,"href":"https:\/\/mizoutcg.fr\/es\/wp-json\/wp\/v2\/product_extension?post=10536"}],"curies":[{"name":"wp","href":"https:\/\/api.w.org\/{rel}","templated":true}]}}