{"id":10535,"date":"2025-09-03T15:15:10","date_gmt":"2025-09-03T13:15:10","guid":{"rendered":"https:\/\/mizoutcg.fr\/?post_type=product&#038;p=10535"},"modified":"2025-11-07T11:03:48","modified_gmt":"2025-11-07T10:03:48","slug":"jeu-goodbye-world-en-nintendo-switch","status":"publish","type":"product","link":"https:\/\/mizoutcg.fr\/es\/produit\/jeu-goodbye-world-en-nintendo-switch\/","title":{"rendered":"Juego Goodbye World - Nintendo Switch"},"content":{"rendered":"<p>Sum\u00e9rgete en <strong>Goodbye World<\/strong>, una conmovedora aventura narrativa que explora los desaf\u00edos del desarrollo de videojuegos independientes en Nintendo Switch. Este t\u00edtulo \u00fanico publicado por <strong>Numskull Games<\/strong> te invita a descubrir la emotiva historia de dos creadores de videojuegos que luchan por hacer realidad sus sue\u00f1os.<\/p>\n\n<h2>\ud83c\udfae Una historia aut\u00e9ntica y conmovedora<\/h2>\n\n<p>Sigue la aventura de <strong>Kanii<\/strong>, una talentosa programadora, y <strong>Kumade<\/strong>, un creativo grafista, dos amigos que se conocieron en la universidad y que, desde que se graduaron, intentan crear videojuegos independientes que tengan \u00e9xito. La realidad es dura: sus creaciones no se venden, y pasan la mayor parte del tiempo trabajando en empleos alimenticios para llegar a fin de mes.<\/p>\n\n<p>Esta <strong>profunda aventura narrativa<\/strong> de 13 cap\u00edtulos te sumergir\u00e1 en los altibajos de la creaci\u00f3n art\u00edstica, explorando temas universales como la pasi\u00f3n, la perseverancia y los momentos en los que hay que saber pasar p\u00e1gina.<\/p>\n\n<h3>\ud83d\udd79\ufe0f Jugabilidad \u00fanica: doble experiencia<\/h3>\n\n<p>Goodbye World propone una experiencia de juego innovadora que combina perfectamente narrativa y jugabilidad:<\/p>\n\n<ul>\n<li><strong>13 cap\u00edtulos narrativos<\/strong> ricos en emoci\u00f3n y desarrollo de personajes<\/li>\n<li><strong>12 niveles de puzle-plataformas<\/strong> que desbloqueas a medida que avanza la historia<\/li>\n<li>Un sistema de juego dentro del juego en el que juegas a las creaciones de Kanii y Kumade<\/li>\n<li>Gr\u00e1ficos pixel art retro inspirados en la Game Boy<\/li>\n<li>Una duraci\u00f3n aproximada de <strong>2 horas<\/strong>, perfecta para una sesi\u00f3n intensa<\/li>\n<\/ul>\n\n<h3>\ud83c\udfa8 Direcci\u00f3n art\u00edstica y t\u00e9cnica<\/h3>\n\n<p>El juego seduce por su <strong>aut\u00e9ntico estilo visual pixel art<\/strong> que rinde homenaje a los cl\u00e1sicos del videojuego independiente. La interfaz recuerda intencionadamente a la Game Boy, creando un ambiente nost\u00e1lgico perfecto para esta histor...","protected":false},"excerpt":{"rendered":"Juego narrativo de Nintendo Switch sobre dos desarrolladores independientes. 13 cap\u00edtulos emotivos + 12 niveles puzzle-platformer. Estilo pixel art retro aut\u00e9ntico.","protected":false},"featured_media":10555,"menu_order":0,"template":"","meta":{"_monsterinsights_skip_tracking":false,"_monsterinsights_sitenote_active":false,"_monsterinsights_sitenote_note":"","_monsterinsights_sitenote_category":0},"product_brand":[290],"product_cat":[107,110],"product_tag":[],"product_extension":[],"class_list":{"0":"post-10535","1":"product","2":"type-product","3":"status-publish","4":"has-post-thumbnail","6":"product_brand-numskull-games","7":"product_cat-autres-root","8":"product_cat-jeux-video-autres","10":"first","11":"instock","12":"shipping-taxable","13":"purchasable","14":"product-type-simple"},"_links":{"self":[{"href":"https:\/\/mizoutcg.fr\/es\/wp-json\/wp\/v2\/product\/10535","targetHints":{"allow":["GET"]}}],"collection":[{"href":"https:\/\/mizoutcg.fr\/es\/wp-json\/wp\/v2\/product"}],"about":[{"href":"https:\/\/mizoutcg.fr\/es\/wp-json\/wp\/v2\/types\/product"}],"wp:featuredmedia":[{"embeddable":true,"href":"https:\/\/mizoutcg.fr\/es\/wp-json\/wp\/v2\/media\/10555"}],"wp:attachment":[{"href":"https:\/\/mizoutcg.fr\/es\/wp-json\/wp\/v2\/media?parent=10535"}],"wp:term":[{"taxonomy":"product_brand","embeddable":true,"href":"https:\/\/mizoutcg.fr\/es\/wp-json\/wp\/v2\/product_brand?post=10535"},{"taxonomy":"product_cat","embeddable":true,"href":"https:\/\/mizoutcg.fr\/es\/wp-json\/wp\/v2\/product_cat?post=10535"},{"taxonomy":"product_tag","embeddable":true,"href":"https:\/\/mizoutcg.fr\/es\/wp-json\/wp\/v2\/product_tag?post=10535"},{"taxonomy":"product_extension","embeddable":true,"href":"https:\/\/mizoutcg.fr\/es\/wp-json\/wp\/v2\/product_extension?post=10535"}],"curies":[{"name":"wp","href":"https:\/\/api.w.org\/{rel}","templated":true}]}}