{"id":7819,"date":"2025-04-01T01:49:59","date_gmt":"2025-03-31T23:49:59","guid":{"rendered":"https:\/\/mizoutcg.fr\/?page_id=7819"},"modified":"2025-10-04T15:24:19","modified_gmt":"2025-10-04T13:24:19","slug":"mentions-legales","status":"publish","type":"page","link":"https:\/\/mizoutcg.fr\/es\/mentions-legales\/","title":{"rendered":"Aviso Legal"},"content":{"rendered":"<div style=\"max-width: 1200px;margin: 0 auto;padding: 40px 20px;line-height: 1.8;text-align: justify;font-size: 16px\">\n\n<p style=\"text-align: right;margin-bottom: 40px;font-style: italic;color: #666\">\u00daltima actualizaci\u00f3n: 04\/10\/2025<\/p>\n\n<h1 style=\"text-align: center;margin-bottom: 40px;color: #2c3e50;font-size: 32px\">Aviso Legal<\/h1>\n\n<p style=\"margin-bottom: 30px\">El sitio web <strong>www.mizoutcg.fr<\/strong> es editado y difundido por <strong>MizouTCG<\/strong>, empresa individual bajo el estatuto de microempresario, cuya direcci\u00f3n profesional se encuentra en el <strong>26 rue Bastard Senaux, 34320 Roujan, Francia<\/strong>, registrada bajo el n\u00famero SIRET <strong>903 542 165 00019<\/strong>.<\/p>\n\n<p style=\"margin-bottom: 30px\">Este sitio est\u00e1 alojado por <strong>Contabo GmbH<\/strong>, Aschauer Stra\u00dfe 32a, 81549 M\u00fanich, Alemania.<\/p>\n\n<h2 style=\"margin-top: 50px;margin-bottom: 30px;color: #2c3e50;font-size: 24px;border-bottom: 2px solid #3498db;padding-bottom: 10px\">Propiedad Intelectual<\/h2>\n\n<p style=\"margin-bottom: 20px\">Este sitio pertenece a MizouTCG y es explotado por la misma. La presentaci\u00f3n y cada uno de los elementos (textos, gr\u00e1ficos, fotograf\u00edas, im\u00e1genes, animaciones, iconos, \u2026), incluidos los logotipos y nombres de dominio, que aparecen en el sitio <strong>mizoutcg.fr<\/strong> est\u00e1n protegidos por las legislaciones francesas e internacionales sobre derechos de autor y propiedad intelectual, y pertenecen a MizouTCG, o son objeto de una autorizaci\u00f3n de uso por parte de los propios autores.<\/p>\n\n<p style=\"margin-bottom: 20px\">Ning\u00fan elemento que componga el sitio puede ser copiado, reproducido, modificado, reeditado, cargado, desnaturalizado, transmitido o distribuido de ninguna manera, en cualquier soporte, de forma parcial o \u00edntegra, sin la autorizaci\u00f3n escrita y previa de MizouTCG, salvo en caso de uso estricto para las necesidades de la prensa y bajo reserva del respeto de los derechos de propiedad intelectual y de cualquier otro derecho de propiedad mencionado.<\/p>\n\n<p style=\"margin-bottom: 20px\">Cualquier uso autorizado de los elementos que componen o figuran en el sitio debe realizarse sin desnaturalizaci\u00f3n, modificaci\u00f3n o alteraci\u00f3n de ning\u00fan tipo. MizouTCG se reserva el derecho de perseguir todo acto de falsificaci\u00f3n de sus derechos de propiedad intelectual.<\/p>\n\n<\/div>","protected":false},"excerpt":{"rendered":"<p>\u00daltima actualizaci\u00f3n: 04\/10\/2025 Aviso Legal El sitio web www.mizoutcg.fr es editado y difundido por MizouTCG, empresa individual bajo el estatuto de microempresario, cuya direcci\u00f3n profesional se encuentra en el 26 rue Bastard Senaux, 34320 Roujan, Francia, registrada bajo el n\u00famero SIRET 903 542 165 00019. Este sitio est\u00e1 alojado por Contabo GmbH, Aschauer Stra\u00dfe 32a, [&hellip;]<\/p>\n","protected":false},"author":1,"featured_media":0,"parent":0,"menu_order":0,"comment_status":"closed","ping_status":"closed","template":"","meta":{"_monsterinsights_skip_tracking":false,"_monsterinsights_sitenote_active":false,"_monsterinsights_sitenote_note":"","_monsterinsights_sitenote_category":0,"footnotes":""},"class_list":["post-7819","page","type-page","status-publish","hentry"],"_links":{"self":[{"href":"https:\/\/mizoutcg.fr\/es\/wp-json\/wp\/v2\/pages\/7819","targetHints":{"allow":["GET"]}}],"collection":[{"href":"https:\/\/mizoutcg.fr\/es\/wp-json\/wp\/v2\/pages"}],"about":[{"href":"https:\/\/mizoutcg.fr\/es\/wp-json\/wp\/v2\/types\/page"}],"author":[{"embeddable":true,"href":"https:\/\/mizoutcg.fr\/es\/wp-json\/wp\/v2\/users\/1"}],"replies":[{"embeddable":true,"href":"https:\/\/mizoutcg.fr\/es\/wp-json\/wp\/v2\/comments?post=7819"}],"version-history":[{"count":2,"href":"https:\/\/mizoutcg.fr\/es\/wp-json\/wp\/v2\/pages\/7819\/revisions"}],"predecessor-version":[{"id":11029,"href":"https:\/\/mizoutcg.fr\/es\/wp-json\/wp\/v2\/pages\/7819\/revisions\/11029"}],"wp:attachment":[{"href":"https:\/\/mizoutcg.fr\/es\/wp-json\/wp\/v2\/media?parent=7819"}],"curies":[{"name":"wp","href":"https:\/\/api.w.org\/{rel}","templated":true}]}}